{"id":2624,"date":"2022-06-06T13:16:28","date_gmt":"2022-06-06T10:16:28","guid":{"rendered":"https:\/\/centrum.ee\/%d1%83-%d0%bd%d0%b0%d1%81-%d0%b1%d0%b5%d0%b7%d0%be%d0%bf%d0%b0%d1%81%d0%bd%d0%be\/"},"modified":"2022-06-07T13:47:18","modified_gmt":"2022-06-07T10:47:18","slug":"%d1%83-%d0%bd%d0%b0%d1%81-%d0%b1%d0%b5%d0%b7%d0%be%d0%bf%d0%b0%d1%81%d0%bd%d0%be","status":"publish","type":"page","link":"https:\/\/centrum.ee\/ru\/%d1%83-%d0%bd%d0%b0%d1%81-%d0%b1%d0%b5%d0%b7%d0%be%d0%bf%d0%b0%d1%81%d0%bd%d0%be\/","title":{"rendered":"\u0423 \u043d\u0430\u0441 \u0431\u0435\u0437\u043e\u043f\u0430\u0441\u043d\u043e"},"content":{"rendered":"\t\t<div data-elementor-type=\"wp-page\" data-elementor-id=\"2624\" class=\"elementor elementor-2624 elementor-1633\">\n\t\t\t\t\t\t<section class=\"elementor-section elementor-top-section elementor-element elementor-element-1714116 elementor-section-boxed elementor-section-height-default elementor-section-height-default\" data-id=\"1714116\" data-element_type=\"section\" data-e-type=\"section\">\n\t\t\t\t\t\t<div class=\"elementor-container elementor-column-gap-default\">\n\t\t\t\t\t<div class=\"elementor-column elementor-col-50 elementor-top-column elementor-element elementor-element-bf6d840\" data-id=\"bf6d840\" data-element_type=\"column\" data-e-type=\"column\">\n\t\t\t<div class=\"elementor-widget-wrap elementor-element-populated\">\n\t\t\t\t\t\t<div class=\"elementor-element elementor-element-af74544 elementor-widget elementor-widget-image\" data-id=\"af74544\" data-element_type=\"widget\" data-e-type=\"widget\" data-widget_type=\"image.default\">\n\t\t\t\t<div class=\"elementor-widget-container\">\n\t\t\t\t\t\t\t\t\t\t\t\t\t\t\t<img fetchpriority=\"high\" decoding=\"async\" width=\"1024\" height=\"1024\" src=\"https:\/\/centrum.ee\/wp-content\/uploads\/2021\/12\/TURVALINE_web_LARGE-1024x1024.png\" class=\"attachment-large size-large wp-image-2563\" alt=\"\" srcset=\"https:\/\/centrum.ee\/wp-content\/uploads\/2021\/12\/TURVALINE_web_LARGE-1024x1024.png 1024w, https:\/\/centrum.ee\/wp-content\/uploads\/2021\/12\/TURVALINE_web_LARGE-300x300.png 300w, https:\/\/centrum.ee\/wp-content\/uploads\/2021\/12\/TURVALINE_web_LARGE-150x150.png 150w, https:\/\/centrum.ee\/wp-content\/uploads\/2021\/12\/TURVALINE_web_LARGE-768x768.png 768w, https:\/\/centrum.ee\/wp-content\/uploads\/2021\/12\/TURVALINE_web_LARGE-1536x1536.png 1536w, https:\/\/centrum.ee\/wp-content\/uploads\/2021\/12\/TURVALINE_web_LARGE-100x100.png 100w, https:\/\/centrum.ee\/wp-content\/uploads\/2021\/12\/TURVALINE_web_LARGE-80x80.png 80w, https:\/\/centrum.ee\/wp-content\/uploads\/2021\/12\/TURVALINE_web_LARGE-394x394.png 394w, https:\/\/centrum.ee\/wp-content\/uploads\/2021\/12\/TURVALINE_web_LARGE-303x303.png 303w, https:\/\/centrum.ee\/wp-content\/uploads\/2021\/12\/TURVALINE_web_LARGE-605x605.png 605w, https:\/\/centrum.ee\/wp-content\/uploads\/2021\/12\/TURVALINE_web_LARGE-700x700.png 700w, https:\/\/centrum.ee\/wp-content\/uploads\/2021\/12\/TURVALINE_web_LARGE-950x950.png 950w, https:\/\/centrum.ee\/wp-content\/uploads\/2021\/12\/TURVALINE_web_LARGE-1080x1080.png 1080w, https:\/\/centrum.ee\/wp-content\/uploads\/2021\/12\/TURVALINE_web_LARGE.png 1920w\" sizes=\"(max-width: 1024px) 100vw, 1024px\" \/>\t\t\t\t\t\t\t\t\t\t\t\t\t\t\t<\/div>\n\t\t\t\t<\/div>\n\t\t\t\t\t<\/div>\n\t\t<\/div>\n\t\t\t\t<div class=\"elementor-column elementor-col-50 elementor-top-column elementor-element elementor-element-6855af8\" data-id=\"6855af8\" data-element_type=\"column\" data-e-type=\"column\">\n\t\t\t<div class=\"elementor-widget-wrap elementor-element-populated\">\n\t\t\t\t\t\t<div class=\"elementor-element elementor-element-74dbb00 elementor-widget elementor-widget-text-editor\" data-id=\"74dbb00\" data-element_type=\"widget\" data-e-type=\"widget\" data-widget_type=\"text-editor.default\">\n\t\t\t\t<div class=\"elementor-widget-container\">\n\t\t\t\t\t\t\t\t\t<p><strong>\u0421\u041e\u0413\u041b\u0410\u0428\u0415\u041d\u0418\u0415 \u0414\u041e\u0411\u0420\u041e\u0419 \u0412\u041e\u041b\u0418 \u0414\u041b\u042f \u041e\u0411\u0415\u0421\u041f\u0415\u0427\u0415\u041d\u0418\u042f \u0411\u0415\u0417\u041e\u041f\u0410\u0421\u041d\u041e\u0421\u0422\u0418 \u0412\u041e \u0412\u0420\u0415\u041c\u042f \u0412\u0421\u041f\u042b\u0428\u041a\u0418 COVID-19<\/strong><\/p><p>Sihtasutuse Viljandimaa Arenduskeskus poolt v\u00e4lja antud m\u00e4rgisega \u201cSiin on COVID-19 turvaline\u201d kinnitame, et j\u00e4rgime meie tegutsemisvaldkonnale kehtestatud <a href=\"https:\/\/kriis.ee\/kriisi-juhtimine-kusimused-ja-vastused\/kriisi-juhtimine\/oigusaktid-ja-seletuskirjad\" target=\"_blank\" rel=\"noopener\" data-saferedirecturl=\"https:\/\/www.google.com\/url?q=https:\/\/kriis.ee\/kriisi-juhtimine-kusimused-ja-vastused\/kriisi-juhtimine\/oigusaktid-ja-seletuskirjad&amp;source=gmail&amp;ust=1639654692201000&amp;usg=AOvVaw0OoS9AMwlYLxIfyyYfC7P3\">Vabariigi Valitsuse<\/a> korraldusi ja <a href=\"https:\/\/www.terviseamet.ee\/et\/koroonaviirus\/koroonaviiruse-haigus-covid-19-trukised-ja-juhendmaterjalid\" target=\"_blank\" rel=\"noopener\" data-saferedirecturl=\"https:\/\/www.google.com\/url?q=https:\/\/www.terviseamet.ee\/et\/koroonaviirus\/koroonaviiruse-haigus-covid-19-trukised-ja-juhendmaterjalid&amp;source=gmail&amp;ust=1639654692201000&amp;usg=AOvVaw0JG-ttQVnX1xLHQYisPGEV\">Terviseameti<\/a> juhiseid, hoiame end nende j\u00e4rgimiseks infoga pidevalt kursis ning aitame k\u00fclastajatel t\u00e4ita kohapeal viiruse v\u00e4ltimise reegleid. <\/p><p>\u0421 \u043f\u043e\u0441\u0442\u0430\u0432\u0449\u0438\u043a\u043e\u043c \u0443\u0441\u043b\u0443\u0433, \u043a\u043e\u0442\u043e\u0440\u044b\u0439 \u043f\u0440\u0438\u0441\u043e\u0435\u0434\u0438\u043d\u0438\u043b\u0441\u044f \u043a \u0441\u043e\u0433\u043b\u0430\u0448\u0435\u043d\u0438\u044e \u0434\u043e\u0431\u0440\u043e\u0439 \u0432\u043e\u043b\u0438, \u0432\u044b \u043c\u043e\u0436\u0435\u0442\u0435 \u0431\u044b\u0442\u044c \u0443\u0432\u0435\u0440\u0435\u043d\u044b, \u0447\u0442\u043e:<\/p><ul><li>\u0434\u043e\u0441\u0442\u0443\u043f\u0435\u043d \u043a\u043e\u0434\u0435\u043a\u0441 \u043f\u043e\u0432\u0435\u0434\u0435\u043d\u0438\u044f \u043f\u043e\u0441\u0435\u0442\u0438\u0442\u0435\u043b\u044f \u0438 \u0438\u043d\u0444\u043e\u0440\u043c\u0430\u0446\u0438\u044f \u043e \u043c\u0435\u0440\u043e\u043f\u0440\u0438\u044f\u0442\u0438\u044f\u0445 \u043f\u043e \u043f\u0440\u043e\u0444\u0438\u043b\u0430\u043a\u0442\u0438\u043a\u0435 \u0421ovid-19, \u0432\u0432\u0435\u0434\u0435\u043d\u043d\u044b\u0445 \u043f\u043e\u0441\u0442\u0430\u0432\u0449\u0438\u043a\u043e\u043c \u0443\u0441\u043b\u0443\u0433;<\/li><li>\u0432\u0441\u0435 \u0441\u043e\u0442\u0440\u0443\u0434\u043d\u0438\u043a\u0438 \u043e\u0441\u0432\u0435\u0434\u043e\u043c\u043b\u0435\u043d\u044b \u043e \u0440\u0443\u043a\u043e\u0432\u043e\u0434\u044f\u0449\u0438\u0445 \u043f\u0440\u0438\u043d\u0446\u0438\u043f\u0430\u0445 \u043f\u0440\u0435\u0434\u043e\u0442\u0432\u0440\u0430\u0449\u0435\u043d\u0438\u044f \u0440\u0430\u0441\u043f\u0440\u043e\u0441\u0442\u0440\u0430\u043d\u0435\u043d\u0438\u044f \u0432\u0438\u0440\u0443\u0441\u0430 \u0438 \u0441\u043b\u0435\u0434\u0443\u044e\u0442 \u0438\u043c \u0432 \u0441\u0432\u043e\u0435\u0439 \u043f\u043e\u0432\u0441\u0435\u0434\u043d\u0435\u0432\u043d\u043e\u0439 \u0440\u0430\u0431\u043e\u0442\u0435;<\/li><li>\u0441\u0438\u0441\u0442\u0435\u043c\u0430 \u0432\u0435\u043d\u0442\u0438\u043b\u044f\u0446\u0438\u0438 \u043f\u043e\u043c\u0435\u0449\u0435\u043d\u0438\u0439 \u0440\u0430\u0431\u043e\u0442\u0430\u0435\u0442 \u0434\u043e\u043b\u0436\u043d\u044b\u043c \u043e\u0431\u0440\u0430\u0437\u043e\u043c;<\/li><li>\u0434\u0435\u0437\u0438\u043d\u0444\u0438\u0446\u0438\u0440\u0443\u044e\u0449\u0438\u0445 \u0441\u0440\u0435\u0434\u0441\u0442\u0432 \u0434\u043e\u0441\u0442\u0430\u0442\u043e\u0447\u043d\u043e, \u043e\u043d\u0438 \u0434\u043e\u0441\u0442\u0443\u043f\u043d\u044b \u043a\u0430\u0436\u0434\u043e\u043c\u0443 \u0432 \u0432\u0438\u0434\u0438\u043c\u044b\u0445 \u043c\u0435\u0441\u0442\u0430\u0445;<\/li><li>\u043f\u043e\u0432\u0435\u0440\u0445\u043d\u043e\u0441\u0442\u0438, \u043a \u043a\u043e\u0442\u043e\u0440\u044b\u043c \u0447\u0430\u0441\u0442\u043e \u043f\u0440\u0438\u043a\u0430\u0441\u0430\u044e\u0442\u0441\u044f, \u0440\u0435\u0433\u0443\u043b\u044f\u0440\u043d\u043e \u043e\u0447\u0438\u0449\u0430\u044e\u0442\u0441\u044f \u0438 \u0434\u0435\u0437\u0438\u043d\u0444\u0438\u0446\u0438\u0440\u0443\u044e\u0442\u0441\u044f;<\/li><li>\u043f\u0435\u0440\u0441\u043e\u043d\u0430\u043b\u0443 \u0438 \u043f\u043e\u0441\u0435\u0442\u0438\u0442\u0435\u043b\u044f\u043c \u043f\u0440\u0435\u0434\u043b\u0430\u0433\u0430\u0435\u0442\u0441\u044f \u043d\u043e\u0441\u0438\u0442\u044c \u043c\u0430\u0441\u043a\u0443 \u0438\u043b\u0438 \u0430\u043b\u044c\u0442\u0435\u0440\u043d\u0430\u0442\u0438\u0432\u043d\u044b\u0435 \u0441\u0440\u0435\u0434\u0441\u0442\u0432\u0430 \u0438\u043d\u0434\u0438\u0432\u0438\u0434\u0443\u0430\u043b\u044c\u043d\u043e\u0439 \u0437\u0430\u0449\u0438\u0442\u044b \u0432 \u0441\u043e\u043e\u0442\u0432\u0435\u0442\u0441\u0442\u0432\u0438\u0438 \u0441 \u0434\u0435\u0439\u0441\u0442\u0432\u0443\u044e\u0449\u0438\u043c\u0438 \u0432 \u0441\u0442\u0440\u0430\u043d\u0435 \u043f\u0440\u0430\u0432\u0438\u043b\u0430\u043c\u0438;<\/li><li>\u043e\u0431\u0435\u0441\u043f\u0435\u0447\u0438\u043d\u0430 \u0432\u043e\u0437\u043c\u043e\u0436\u043d\u043e\u0441\u0442\u044c \u043f\u043e\u0434\u0434\u0435\u0440\u0436\u0430\u043d\u0438\u044f \u043d\u0435\u043e\u0431\u0445\u043e\u0434\u0438\u043c\u043e\u0439 \u0434\u0438\u0441\u0442\u0430\u043d\u0446\u0438\u0438 \u043a\u0430\u043a \u0434\u0440\u0443\u0433 \u0441 \u0434\u0440\u0443\u0433\u043e\u043c, \u0442\u0430\u043a \u0438 \u0441 \u043e\u0431\u0441\u043b\u0443\u0436\u0438\u0432\u0430\u044e\u0449\u0438\u043c \u043f\u0435\u0440\u0441\u043e\u043d\u0430\u043b\u043e\u043c;<\/li><li>\u043b\u044e\u0434\u044f\u043c \u0441 \u043f\u0440\u0438\u0437\u043d\u0430\u043a\u0430\u043c\u0438 \u0437\u0430\u0431\u043e\u043b\u0435\u0432\u0430\u043d\u0438\u044f \u043d\u0435 \u0440\u0430\u0437\u0440\u0435\u0448\u0430\u0435\u0442\u0441\u044f \u043d\u0430\u0445\u043e\u0434\u0438\u0442\u044c\u0441\u044f \u0432 \u043e\u0431\u0449\u0435\u0441\u0442\u0432\u0435\u043d\u043d\u044b\u0445 \u043c\u0435\u0441\u0442\u0430\u0445 \u0438\u043b\u0438 \u0437\u043e\u043d\u0430\u0445 \u043e\u0431\u0441\u043b\u0443\u0436\u0438\u0432\u0430\u043d\u0438\u044f;<\/li><li>\u043b\u0438\u0446\u0430, \u0432\u0441\u0442\u0443\u043f\u0438\u0432\u0448\u0438\u0435 \u0432 \u043a\u043e\u043d\u0442\u0430\u043a\u0442 \u0441 \u043a\u043b\u0438\u0435\u043d\u0442\u043e\u043c \u0438\u043b\u0438 \u0441\u043e\u0442\u0440\u0443\u0434\u043d\u0438\u043a\u043e\u043c \u0441 \u043f\u0440\u0438\u0437\u043d\u0430\u043a\u0430\u043c\u0438 \u0431\u043e\u043b\u0435\u0437\u043d\u0438, \u0438\u043d\u0444\u043e\u0440\u043c\u0438\u0440\u0443\u044e\u0442\u0441\u044f \u043e\u0431 \u044d\u0442\u043e\u043c \u0431\u0435\u0437 \u0440\u0430\u0437\u0433\u043b\u0430\u0448\u0435\u043d\u0438\u044f \u043f\u0435\u0440\u0441\u043e\u043d\u0430\u043b\u044c\u043d\u044b\u0445 \u0434\u0430\u043d\u043d\u044b\u0445;<\/li><li>\u0443\u0447\u0430\u0441\u0442\u0432\u0443\u0435\u0442 \u0432 \u0432\u0435\u0431-\u0441\u0435\u043c\u0438\u043d\u0430\u0440\u0430\u0445 \u043f\u043e \u043f\u0440\u043e\u0444\u0438\u043b\u0430\u043a\u0442\u0438\u043a\u0435 \u0440\u0430\u0441\u043f\u0440\u043e\u0441\u0442\u0440\u0430\u043d\u0435\u043d\u0438\u044f COVID-19, \u043e\u0440\u0433\u0430\u043d\u0438\u0437\u043e\u0432\u0430\u043d\u043d\u044b\u0445 \u0446\u0435\u043b\u0435\u0432\u044b\u043c \u0443\u0447\u0440\u0435\u0436\u0434\u0435\u043d\u0438\u0435\u043c \u0440\u0430\u0437\u0432\u0438\u0442\u0438\u044f \u043f\u0440\u0435\u0434\u043f\u0440\u0438\u043d\u0438\u043c\u0430\u0442\u0435\u043b\u044c\u0441\u0442\u0432\u0430.<\/li><\/ul>\t\t\t\t\t\t\t\t<\/div>\n\t\t\t\t<\/div>\n\t\t\t\t\t<\/div>\n\t\t<\/div>\n\t\t\t\t\t<\/div>\n\t\t<\/section>\n\t\t\t\t<\/div>\n\t\t","protected":false},"excerpt":{"rendered":"<p>\u0421\u041e\u0413\u041b\u0410\u0428\u0415\u041d\u0418\u0415 \u0414\u041e\u0411\u0420\u041e\u0419 \u0412\u041e\u041b\u0418 \u0414\u041b\u042f \u041e\u0411\u0415\u0421\u041f\u0415\u0427\u0415\u041d\u0418\u042f \u0411\u0415\u0417\u041e\u041f\u0410\u0421\u041d\u041e\u0421\u0422\u0418 \u0412\u041e \u0412\u0420\u0415\u041c\u042f \u0412\u0421\u041f\u042b\u0428\u041a\u0418 COVID-19 Sihtasutuse Viljandimaa Arenduskeskus poolt v\u00e4lja antud m\u00e4rgisega \u201cSiin on COVID-19 turvaline\u201d kinnitame, et j\u00e4rgime meie tegutsemisvaldkonnale kehtestatud Vabariigi Valitsuse korraldusi ja Terviseameti juhiseid, hoiame end nende j\u00e4rgimiseks infoga pidevalt kursis &hellip; <a href=\"https:\/\/centrum.ee\/ru\/%d1%83-%d0%bd%d0%b0%d1%81-%d0%b1%d0%b5%d0%b7%d0%be%d0%bf%d0%b0%d1%81%d0%bd%d0%be\/\">Read More<\/a><\/p>\n","protected":false},"author":2,"featured_media":0,"parent":0,"menu_order":7,"comment_status":"closed","ping_status":"closed","template":"","meta":{"footnotes":""},"class_list":["post-2624","page","type-page","status-publish","hentry"],"_links":{"self":[{"href":"https:\/\/centrum.ee\/ru\/wp-json\/wp\/v2\/pages\/2624","targetHints":{"allow":["GET"]}}],"collection":[{"href":"https:\/\/centrum.ee\/ru\/wp-json\/wp\/v2\/pages"}],"about":[{"href":"https:\/\/centrum.ee\/ru\/wp-json\/wp\/v2\/types\/page"}],"author":[{"embeddable":true,"href":"https:\/\/centrum.ee\/ru\/wp-json\/wp\/v2\/users\/2"}],"replies":[{"embeddable":true,"href":"https:\/\/centrum.ee\/ru\/wp-json\/wp\/v2\/comments?post=2624"}],"version-history":[{"count":3,"href":"https:\/\/centrum.ee\/ru\/wp-json\/wp\/v2\/pages\/2624\/revisions"}],"predecessor-version":[{"id":2627,"href":"https:\/\/centrum.ee\/ru\/wp-json\/wp\/v2\/pages\/2624\/revisions\/2627"}],"wp:attachment":[{"href":"https:\/\/centrum.ee\/ru\/wp-json\/wp\/v2\/media?parent=2624"}],"curies":[{"name":"wp","href":"https:\/\/api.w.org\/{rel}","templated":true}]}}