{"id":2745,"date":"2022-07-13T11:03:00","date_gmt":"2022-07-13T08:03:00","guid":{"rendered":"https:\/\/centrum.ee\/meilla-on-turvallinen\/"},"modified":"2022-08-04T15:53:36","modified_gmt":"2022-08-04T12:53:36","slug":"meilla-on-turvallinen","status":"publish","type":"page","link":"https:\/\/centrum.ee\/fi\/meilla-on-turvallinen\/","title":{"rendered":"Meill\u00e4 on turvallinen"},"content":{"rendered":"\t\t<div data-elementor-type=\"wp-page\" data-elementor-id=\"2745\" class=\"elementor elementor-2745 elementor-1633\">\n\t\t\t\t\t\t<section class=\"elementor-section elementor-top-section elementor-element elementor-element-1714116 elementor-section-boxed elementor-section-height-default elementor-section-height-default\" data-id=\"1714116\" data-element_type=\"section\" data-e-type=\"section\">\n\t\t\t\t\t\t<div class=\"elementor-container elementor-column-gap-default\">\n\t\t\t\t\t<div class=\"elementor-column elementor-col-50 elementor-top-column elementor-element elementor-element-bf6d840\" data-id=\"bf6d840\" data-element_type=\"column\" data-e-type=\"column\">\n\t\t\t<div class=\"elementor-widget-wrap elementor-element-populated\">\n\t\t\t\t\t\t<div class=\"elementor-element elementor-element-af74544 elementor-widget elementor-widget-image\" data-id=\"af74544\" data-element_type=\"widget\" data-e-type=\"widget\" data-widget_type=\"image.default\">\n\t\t\t\t<div class=\"elementor-widget-container\">\n\t\t\t\t\t\t\t\t\t\t\t\t\t\t\t<img fetchpriority=\"high\" decoding=\"async\" width=\"1024\" height=\"1024\" src=\"https:\/\/centrum.ee\/wp-content\/uploads\/2021\/12\/TURVALINE_web_LARGE-1024x1024.png\" class=\"attachment-large size-large wp-image-2562\" alt=\"\" srcset=\"https:\/\/centrum.ee\/wp-content\/uploads\/2021\/12\/TURVALINE_web_LARGE-1024x1024.png 1024w, https:\/\/centrum.ee\/wp-content\/uploads\/2021\/12\/TURVALINE_web_LARGE-300x300.png 300w, https:\/\/centrum.ee\/wp-content\/uploads\/2021\/12\/TURVALINE_web_LARGE-150x150.png 150w, https:\/\/centrum.ee\/wp-content\/uploads\/2021\/12\/TURVALINE_web_LARGE-768x768.png 768w, https:\/\/centrum.ee\/wp-content\/uploads\/2021\/12\/TURVALINE_web_LARGE-1536x1536.png 1536w, https:\/\/centrum.ee\/wp-content\/uploads\/2021\/12\/TURVALINE_web_LARGE-100x100.png 100w, https:\/\/centrum.ee\/wp-content\/uploads\/2021\/12\/TURVALINE_web_LARGE-80x80.png 80w, https:\/\/centrum.ee\/wp-content\/uploads\/2021\/12\/TURVALINE_web_LARGE-394x394.png 394w, https:\/\/centrum.ee\/wp-content\/uploads\/2021\/12\/TURVALINE_web_LARGE-303x303.png 303w, https:\/\/centrum.ee\/wp-content\/uploads\/2021\/12\/TURVALINE_web_LARGE-605x605.png 605w, https:\/\/centrum.ee\/wp-content\/uploads\/2021\/12\/TURVALINE_web_LARGE-700x700.png 700w, https:\/\/centrum.ee\/wp-content\/uploads\/2021\/12\/TURVALINE_web_LARGE-950x950.png 950w, https:\/\/centrum.ee\/wp-content\/uploads\/2021\/12\/TURVALINE_web_LARGE-1080x1080.png 1080w, https:\/\/centrum.ee\/wp-content\/uploads\/2021\/12\/TURVALINE_web_LARGE.png 1920w\" sizes=\"(max-width: 1024px) 100vw, 1024px\" \/>\t\t\t\t\t\t\t\t\t\t\t\t\t\t\t<\/div>\n\t\t\t\t<\/div>\n\t\t\t\t\t<\/div>\n\t\t<\/div>\n\t\t\t\t<div class=\"elementor-column elementor-col-50 elementor-top-column elementor-element elementor-element-6855af8\" data-id=\"6855af8\" data-element_type=\"column\" data-e-type=\"column\">\n\t\t\t<div class=\"elementor-widget-wrap elementor-element-populated\">\n\t\t\t\t\t\t<div class=\"elementor-element elementor-element-74dbb00 elementor-widget elementor-widget-text-editor\" data-id=\"74dbb00\" data-element_type=\"widget\" data-e-type=\"widget\" data-widget_type=\"text-editor.default\">\n\t\t\t\t<div class=\"elementor-widget-container\">\n\t\t\t\t\t\t\t\t\t<p><strong>HYV\u00c4N TAHDON SOPIMUS TURVALLISUUDEN VARMISTAMISEKSI COVID-19-PURKAUKSEN AIKANA<\/strong><\/p><p>Viljandimaa Arenduskeskus -s\u00e4\u00e4ti\u00f6n my\u00f6nt\u00e4m\u00e4ll\u00e4 merkinn\u00e4ll\u00e4 &#8221;T\u00e4\u00e4ll\u00e4 olet turvassa COVID-19:lt\u00e4&#8221; vahvistamme, ett\u00e4 noudatamme <a href=\"https:\/\/kriis.ee\/kriisi-juhtimine-kusimused-ja-vastused\/kriisi-juhtimine\/oigusaktid-ja-seletuskirjad\" target=\"_blank\" rel=\"noopener\" data-saferedirecturl=\"https:\/\/www.google.com\/url?q=https:\/\/kriis.ee\/kriisi-juhtimine-kusimused-ja-vastused\/kriisi-juhtimine\/oigusaktid-ja-seletuskirjad&amp;source=gmail&amp;ust=1639654692201000&amp;usg=AOvVaw0OoS9AMwlYLxIfyyYfC7P3\">tasavallan hallituksen<\/a> m\u00e4\u00e4r\u00e4yksi\u00e4 ja toimialallemme s\u00e4\u00e4dettyj\u00e4 <a href=\"https:\/\/www.terviseamet.ee\/et\/koroonaviirus\/koroonaviiruse-haigus-covid-19-trukised-ja-juhendmaterjalid\" target=\"_blank\" rel=\"noopener\" data-saferedirecturl=\"https:\/\/www.google.com\/url?q=https:\/\/www.terviseamet.ee\/et\/koroonaviirus\/koroonaviiruse-haigus-covid-19-trukised-ja-juhendmaterjalid&amp;source=gmail&amp;ust=1639654692201000&amp;usg=AOvVaw0JG-ttQVnX1xLHQYisPGEV\">terveyslautakunnan ohjeita;<\/a> seuraamme p\u00e4ivitettyj\u00e4 tietoja ja autamme vieraitamme noudattamaan virustorjuntas\u00e4\u00e4nt\u00f6j\u00e4 paikan p\u00e4\u00e4ll\u00e4. <\/p><p>Palveluntarjoajan kanssa, joka on liittynyt hyv\u00e4n tahdon sopimukseen, voit olla varma, ett\u00e4:<\/p><ul><li>saatavilla on vierailijan k\u00e4yt\u00e4nnes\u00e4\u00e4nn\u00f6t ja tiedot palveluntarjoajan esitt\u00e4mist\u00e4 toimista Covid-19-viruksen levi\u00e4misen est\u00e4miseksi;<\/li><li>koko henkil\u00f6st\u00f6 tuntee viruksen levi\u00e4misen ehk\u00e4isyohjeet ja noudattaa niit\u00e4 p\u00e4ivitt\u00e4isess\u00e4 ty\u00f6ss\u00e4\u00e4n;<\/li><li>sis\u00e4ilmanvaihtoj\u00e4rjestelm\u00e4 toimii kunnolla;<\/li><li>desinfiointiv\u00e4lineit\u00e4 on riitt\u00e4v\u00e4sti, ne ovat kaikkien saatavilla n\u00e4kyviss\u00e4 paikoissa;<\/li><li>usein kosketetut pinnat puhdistetaan ja desinfioidaan s\u00e4\u00e4nn\u00f6llisesti;<\/li><li>henkil\u00f6kuntaa ja vierailijoita pyydet\u00e4\u00e4n k\u00e4ytt\u00e4m\u00e4\u00e4n maskia tai vaihtoehtoisia henkil\u00f6kohtaisia \u200b\u200bsuojavarusteita sovellettavien kansallisten m\u00e4\u00e4r\u00e4ysten mukaisesti;<\/li><li>taataan mahdollisuus pit\u00e4\u00e4 tarvittava et\u00e4isyys sek\u00e4 kesken\u00e4\u00e4n ett\u00e4 palveluntarjoajiin;<\/li><li>henkil\u00f6t, joilla on merkkej\u00e4 sairaudesta, eiv\u00e4t saa oleskella julkisissa tiloissa tai palvelualueilla;<\/li><li>oireisen asiakkaan tai ty\u00f6ntekij\u00e4n kanssa kosketuksiin joutuneille henkil\u00f6ille tiedotetaan kosketuksesta henkil\u00f6tietoja paljastamatta;<\/li><li>osallistuu Yrityskehityss\u00e4\u00e4ti\u00f6n j\u00e4rjest\u00e4miin webinaareihin, jotka k\u00e4sittelev\u00e4t COVID-19:n levi\u00e4misen ehk\u00e4isemist\u00e4.<\/li><\/ul>\t\t\t\t\t\t\t\t<\/div>\n\t\t\t\t<\/div>\n\t\t\t\t\t<\/div>\n\t\t<\/div>\n\t\t\t\t\t<\/div>\n\t\t<\/section>\n\t\t\t\t<\/div>\n\t\t","protected":false},"excerpt":{"rendered":"<p>HYV\u00c4N TAHDON SOPIMUS TURVALLISUUDEN VARMISTAMISEKSI COVID-19-PURKAUKSEN AIKANA Viljandimaa Arenduskeskus -s\u00e4\u00e4ti\u00f6n my\u00f6nt\u00e4m\u00e4ll\u00e4 merkinn\u00e4ll\u00e4 &#8221;T\u00e4\u00e4ll\u00e4 olet turvassa COVID-19:lt\u00e4&#8221; vahvistamme, ett\u00e4 noudatamme tasavallan hallituksen m\u00e4\u00e4r\u00e4yksi\u00e4 ja toimialallemme s\u00e4\u00e4dettyj\u00e4 terveyslautakunnan ohjeita; seuraamme p\u00e4ivitettyj\u00e4 tietoja ja autamme vieraitamme noudattamaan virustorjuntas\u00e4\u00e4nt\u00f6j\u00e4 paikan p\u00e4\u00e4ll\u00e4. Palveluntarjoajan kanssa, joka &hellip; <a href=\"https:\/\/centrum.ee\/fi\/meilla-on-turvallinen\/\">Read More<\/a><\/p>\n","protected":false},"author":2,"featured_media":0,"parent":0,"menu_order":7,"comment_status":"closed","ping_status":"closed","template":"","meta":{"footnotes":""},"class_list":["post-2745","page","type-page","status-publish","hentry"],"_links":{"self":[{"href":"https:\/\/centrum.ee\/fi\/wp-json\/wp\/v2\/pages\/2745","targetHints":{"allow":["GET"]}}],"collection":[{"href":"https:\/\/centrum.ee\/fi\/wp-json\/wp\/v2\/pages"}],"about":[{"href":"https:\/\/centrum.ee\/fi\/wp-json\/wp\/v2\/types\/page"}],"author":[{"embeddable":true,"href":"https:\/\/centrum.ee\/fi\/wp-json\/wp\/v2\/users\/2"}],"replies":[{"embeddable":true,"href":"https:\/\/centrum.ee\/fi\/wp-json\/wp\/v2\/comments?post=2745"}],"version-history":[{"count":11,"href":"https:\/\/centrum.ee\/fi\/wp-json\/wp\/v2\/pages\/2745\/revisions"}],"predecessor-version":[{"id":3012,"href":"https:\/\/centrum.ee\/fi\/wp-json\/wp\/v2\/pages\/2745\/revisions\/3012"}],"wp:attachment":[{"href":"https:\/\/centrum.ee\/fi\/wp-json\/wp\/v2\/media?parent=2745"}],"curies":[{"name":"wp","href":"https:\/\/api.w.org\/{rel}","templated":true}]}}