{"id":2741,"date":"2022-07-13T10:57:32","date_gmt":"2022-07-13T07:57:32","guid":{"rendered":"https:\/\/centrum.ee\/hotellista\/"},"modified":"2026-02-13T10:48:37","modified_gmt":"2026-02-13T08:48:37","slug":"hotellista","status":"publish","type":"page","link":"https:\/\/centrum.ee\/fi\/hotellista\/","title":{"rendered":"Hotellista"},"content":{"rendered":"\t\t<div data-elementor-type=\"wp-post\" data-elementor-id=\"2741\" class=\"elementor elementor-2741 elementor-57\">\n\t\t\t\t\t\t<section class=\"elementor-section elementor-top-section elementor-element elementor-element-6229ba4 elementor-section-full_width elementor-section-height-min-height elementor-section-height-default elementor-section-items-middle\" data-id=\"6229ba4\" data-element_type=\"section\" data-e-type=\"section\" data-settings=\"{&quot;background_background&quot;:&quot;classic&quot;}\">\n\t\t\t\t\t\t\t<div class=\"elementor-background-overlay\"><\/div>\n\t\t\t\t\t\t\t<div class=\"elementor-container elementor-column-gap-default\">\n\t\t\t\t\t<div class=\"elementor-column elementor-col-100 elementor-top-column elementor-element elementor-element-1f66876d\" data-id=\"1f66876d\" data-element_type=\"column\" data-e-type=\"column\">\n\t\t\t<div class=\"elementor-widget-wrap elementor-element-populated\">\n\t\t\t\t\t\t<div class=\"elementor-element elementor-element-68d1557 elementor-widget elementor-widget-spacer\" data-id=\"68d1557\" data-element_type=\"widget\" data-e-type=\"widget\" data-widget_type=\"spacer.default\">\n\t\t\t\t<div class=\"elementor-widget-container\">\n\t\t\t\t\t\t\t<div class=\"elementor-spacer\">\n\t\t\t<div class=\"elementor-spacer-inner\"><\/div>\n\t\t<\/div>\n\t\t\t\t\t\t<\/div>\n\t\t\t\t<\/div>\n\t\t\t\t<div class=\"elementor-element elementor-element-321bcc27 elementor-view-default elementor-position-top elementor-invisible elementor-widget elementor-widget-themo-header\" data-id=\"321bcc27\" data-element_type=\"widget\" data-e-type=\"widget\" data-settings=\"{&quot;_animation&quot;:&quot;fadeIn&quot;}\" data-widget_type=\"themo-header.default\">\n\t\t\t\t<div class=\"elementor-widget-container\">\n\t\t\t\t\t\t\t<div class=\"th-header-wrap\">\n        <div class=\"elementor-icon-box-wrapper \">\n                            <div class=\"elementor-icon-box-content\">\n                    <h1 class=\"elementor-icon-box-title\">\n                        Saman katon alta kaikki mit\u00e4 tarvitset!                    <\/h1>\n                                        <p class=\"elementor-icon-box-description\">Odotamme sinua!<\/p>\n\n                                    <\/div>\n            <\/div>\n\n        <\/div>\n\n\t\t\t\t\t\t<\/div>\n\t\t\t\t<\/div>\n\t\t\t\t\t<\/div>\n\t\t<\/div>\n\t\t\t\t\t<\/div>\n\t\t<\/section>\n\t\t\t\t<section class=\"elementor-section elementor-top-section elementor-element elementor-element-51204c8d elementor-section-boxed elementor-section-height-default elementor-section-height-default\" data-id=\"51204c8d\" data-element_type=\"section\" data-e-type=\"section\" data-settings=\"{&quot;background_background&quot;:&quot;classic&quot;}\">\n\t\t\t\t\t\t<div class=\"elementor-container elementor-column-gap-default\">\n\t\t\t\t\t<div class=\"elementor-column elementor-col-100 elementor-top-column elementor-element elementor-element-50ec539c\" data-id=\"50ec539c\" data-element_type=\"column\" data-e-type=\"column\">\n\t\t\t<div class=\"elementor-widget-wrap elementor-element-populated\">\n\t\t\t\t\t\t<div class=\"elementor-element elementor-element-183c3c17 elementor-widget elementor-widget-spacer\" data-id=\"183c3c17\" data-element_type=\"widget\" data-e-type=\"widget\" data-widget_type=\"spacer.default\">\n\t\t\t\t<div class=\"elementor-widget-container\">\n\t\t\t\t\t\t\t<div class=\"elementor-spacer\">\n\t\t\t<div class=\"elementor-spacer-inner\"><\/div>\n\t\t<\/div>\n\t\t\t\t\t\t<\/div>\n\t\t\t\t<\/div>\n\t\t\t\t<div class=\"elementor-element elementor-element-63297780 elementor-view-default elementor-position-top elementor-widget elementor-widget-themo-header\" data-id=\"63297780\" data-element_type=\"widget\" data-e-type=\"widget\" data-widget_type=\"themo-header.default\">\n\t\t\t\t<div class=\"elementor-widget-container\">\n\t\t\t\t\t\t\t<div class=\"th-header-wrap\">\n        <div class=\"elementor-icon-box-wrapper \">\n                            <div class=\"elementor-icon-box-content\">\n                    <h2 class=\"elementor-icon-box-title\">\n                        Tervetuloa Centrumiin!                    <\/h2>\n                                            <span class=\"th-header-divider\"><\/span>\n                                        <p class=\"elementor-icon-box-description\">Centrum-hotelli sijaitsee Viljandin keskustassa Centrum-kauppakeskuksen 3. kerroksessa . Hotelli on sopiva majoituspaikka sek\u00e4 liikematkailijoille ett\u00e4 turisteille. Valoisien standard- ja comfort-huoneiden lis\u00e4ksi meilt\u00e4 l\u00f6ytyy huoneita allergikoille ja liikuntarajoitteisille. Tarjoamme asiakkaillemme my\u00f6s tilavan 2 huoneen perhemajoituksen.\n\nTilava sviitti odottaa luksusta rakastavia asiakkaita Centrum-hotelli sijaitsee Viljandissa k\u00e4tev\u00e4ll\u00e4 paikalla ja sill\u00e4 on hyv\u00e4t pys\u00e4k\u00f6intimahdollisuudet. Kaikki t\u00e4rkeimm\u00e4t n\u00e4ht\u00e4vyydet, kulttuurilaitokset ja kahvilat sijaitsevat lyhyen k\u00e4velymatkan p\u00e4\u00e4ss\u00e4, siksi meill\u00e4 on mukava y\u00f6py\u00e4 my\u00f6s teatteri- ett\u00e4 konserttivierailuilla\n\nPys\u00e4k\u00f6inti on ilmaista hotellivieraille Centrumin suurella parkkipaikalla. Kun tulet hotelliin, sinun tulee ilmoittaa j\u00e4rjestelm\u00e4nvalvojalle autosi numero. <\/p>\n\n                                    <\/div>\n            <\/div>\n\n        <\/div>\n\n\t\t\t\t\t\t<\/div>\n\t\t\t\t<\/div>\n\t\t\t\t<div class=\"elementor-element elementor-element-40b9772e elementor-widget elementor-widget-spacer\" data-id=\"40b9772e\" data-element_type=\"widget\" data-e-type=\"widget\" data-widget_type=\"spacer.default\">\n\t\t\t\t<div class=\"elementor-widget-container\">\n\t\t\t\t\t\t\t<div class=\"elementor-spacer\">\n\t\t\t<div class=\"elementor-spacer-inner\"><\/div>\n\t\t<\/div>\n\t\t\t\t\t\t<\/div>\n\t\t\t\t<\/div>\n\t\t\t\t\t<\/div>\n\t\t<\/div>\n\t\t\t\t\t<\/div>\n\t\t<\/section>\n\t\t\t\t<section class=\"elementor-section elementor-top-section elementor-element elementor-element-41cfe23b elementor-section-full_width elementor-section-height-default elementor-section-height-default\" data-id=\"41cfe23b\" data-element_type=\"section\" data-e-type=\"section\">\n\t\t\t\t\t\t<div class=\"elementor-container elementor-column-gap-no\">\n\t\t\t\t\t<div class=\"elementor-column elementor-col-100 elementor-top-column elementor-element elementor-element-dc0e425\" data-id=\"dc0e425\" data-element_type=\"column\" data-e-type=\"column\">\n\t\t\t<div class=\"elementor-widget-wrap elementor-element-populated\">\n\t\t\t\t\t\t<div class=\"elementor-element elementor-element-2649bbfa elementor-arrows-position-inside elementor-widget elementor-widget-image-carousel\" data-id=\"2649bbfa\" data-element_type=\"widget\" data-e-type=\"widget\" data-settings=\"{&quot;slides_to_show&quot;:&quot;4&quot;,&quot;navigation&quot;:&quot;arrows&quot;,&quot;autoplay&quot;:&quot;yes&quot;,&quot;pause_on_hover&quot;:&quot;yes&quot;,&quot;pause_on_interaction&quot;:&quot;yes&quot;,&quot;autoplay_speed&quot;:5000,&quot;infinite&quot;:&quot;yes&quot;,&quot;speed&quot;:500}\" data-widget_type=\"image-carousel.default\">\n\t\t\t\t<div class=\"elementor-widget-container\">\n\t\t\t\t\t\t\t<div class=\"elementor-image-carousel-wrapper swiper\" role=\"region\" aria-roledescription=\"carousel\" aria-label=\"Image Carousel\" dir=\"ltr\">\n\t\t\t<div class=\"elementor-image-carousel swiper-wrapper swiper-image-stretch\" aria-live=\"off\">\n\t\t\t\t\t\t\t\t<div class=\"swiper-slide\" role=\"group\" aria-roledescription=\"slide\" aria-label=\"1 of 10\"><figure class=\"swiper-slide-inner\"><img decoding=\"async\" class=\"swiper-slide-image\" src=\"https:\/\/centrum.ee\/wp-content\/uploads\/2021\/04\/Centrumi-hotelli-tuba96-605x465.jpg\" alt=\"Centrum-hotellin huone 22\" \/><\/figure><\/div><div class=\"swiper-slide\" role=\"group\" aria-roledescription=\"slide\" aria-label=\"2 of 10\"><figure class=\"swiper-slide-inner\"><img decoding=\"async\" class=\"swiper-slide-image\" src=\"https:\/\/centrum.ee\/wp-content\/uploads\/2021\/04\/Centrumi-hotelli-tuba55-605x465.jpg\" alt=\"Centrum-hotellin sviit 34\" \/><\/figure><\/div><div class=\"swiper-slide\" role=\"group\" aria-roledescription=\"slide\" aria-label=\"3 of 10\"><figure class=\"swiper-slide-inner\"><img decoding=\"async\" class=\"swiper-slide-image\" src=\"https:\/\/centrum.ee\/wp-content\/uploads\/2021\/04\/Centrumi-hotelli-tuba120-605x465.jpg\" alt=\"Centrum-hotellin k\u00e4yt\u00e4v\u00e4\" \/><\/figure><\/div><div class=\"swiper-slide\" role=\"group\" aria-roledescription=\"slide\" aria-label=\"4 of 10\"><figure class=\"swiper-slide-inner\"><img decoding=\"async\" class=\"swiper-slide-image\" src=\"https:\/\/centrum.ee\/wp-content\/uploads\/2021\/04\/Centrumi-hotelli-tuba48-605x465.jpg\" alt=\"Centrum Hotel Suite 34 makuuhuone\" \/><\/figure><\/div><div class=\"swiper-slide\" role=\"group\" aria-roledescription=\"slide\" aria-label=\"5 of 10\"><figure class=\"swiper-slide-inner\"><img decoding=\"async\" class=\"swiper-slide-image\" src=\"https:\/\/centrum.ee\/wp-content\/uploads\/2021\/04\/Centrumi-hotelli-tuba179-605x465.jpg\" alt=\"Centrum-hotellin sauna\" \/><\/figure><\/div><div class=\"swiper-slide\" role=\"group\" aria-roledescription=\"slide\" aria-label=\"6 of 10\"><figure class=\"swiper-slide-inner\"><img decoding=\"async\" class=\"swiper-slide-image\" src=\"https:\/\/centrum.ee\/wp-content\/uploads\/2021\/04\/Centrumi-hotelli-tuba137-605x465.jpg\" alt=\"Centrum-hotellin comfort huone 17\" \/><\/figure><\/div><div class=\"swiper-slide\" role=\"group\" aria-roledescription=\"slide\" aria-label=\"7 of 10\"><figure class=\"swiper-slide-inner\"><img decoding=\"async\" class=\"swiper-slide-image\" src=\"https:\/\/centrum.ee\/wp-content\/uploads\/2021\/04\/Centrumi-hotelli-tuba117-605x465.jpg\" alt=\"Centrum-hotellin comfort huone 21\" \/><\/figure><\/div><div class=\"swiper-slide\" role=\"group\" aria-roledescription=\"slide\" aria-label=\"8 of 10\"><figure class=\"swiper-slide-inner\"><img decoding=\"async\" class=\"swiper-slide-image\" src=\"https:\/\/centrum.ee\/wp-content\/uploads\/2021\/04\/Centrumi-hotelli-tuba38-605x465.jpg\" alt=\"Centrum-hotellin sviit 34\" \/><\/figure><\/div><div class=\"swiper-slide\" role=\"group\" aria-roledescription=\"slide\" aria-label=\"9 of 10\"><figure class=\"swiper-slide-inner\"><img decoding=\"async\" class=\"swiper-slide-image\" src=\"https:\/\/centrum.ee\/wp-content\/uploads\/2021\/04\/Centrumi-hotelli-tuba2-605x465.jpg\" alt=\"Centrum-hotelli\" \/><\/figure><\/div><div class=\"swiper-slide\" role=\"group\" aria-roledescription=\"slide\" aria-label=\"10 of 10\"><figure class=\"swiper-slide-inner\"><img decoding=\"async\" class=\"swiper-slide-image\" src=\"https:\/\/centrum.ee\/wp-content\/uploads\/2021\/04\/Centrumi-hotelli-tuba30-605x465.jpg\" alt=\"Centrum-hotellin sviit 34\" \/><\/figure><\/div>\t\t\t<\/div>\n\t\t\t\t\t\t\t\t\t\t\t\t<div class=\"elementor-swiper-button elementor-swiper-button-prev\" role=\"button\" tabindex=\"0\">\n\t\t\t\t\t\t<i aria-hidden=\"true\" class=\"eicon-chevron-left\"><\/i>\t\t\t\t\t<\/div>\n\t\t\t\t\t<div class=\"elementor-swiper-button elementor-swiper-button-next\" role=\"button\" tabindex=\"0\">\n\t\t\t\t\t\t<i aria-hidden=\"true\" class=\"eicon-chevron-right\"><\/i>\t\t\t\t\t<\/div>\n\t\t\t\t\n\t\t\t\t\t\t\t\t\t<\/div>\n\t\t\t\t\t\t<\/div>\n\t\t\t\t<\/div>\n\t\t\t\t\t<\/div>\n\t\t<\/div>\n\t\t\t\t\t<\/div>\n\t\t<\/section>\n\t\t\t\t<section class=\"elementor-section elementor-top-section elementor-element elementor-element-9bfdcdc elementor-section-boxed elementor-section-height-default elementor-section-height-default\" data-id=\"9bfdcdc\" data-element_type=\"section\" data-e-type=\"section\">\n\t\t\t\t\t\t<div class=\"elementor-container elementor-column-gap-default\">\n\t\t\t\t\t<div class=\"elementor-column elementor-col-100 elementor-top-column elementor-element elementor-element-35880c7\" data-id=\"35880c7\" data-element_type=\"column\" data-e-type=\"column\">\n\t\t\t<div class=\"elementor-widget-wrap elementor-element-populated\">\n\t\t\t\t\t\t<div class=\"elementor-element elementor-element-54396e4 elementor-widget elementor-widget-spacer\" data-id=\"54396e4\" data-element_type=\"widget\" data-e-type=\"widget\" data-widget_type=\"spacer.default\">\n\t\t\t\t<div class=\"elementor-widget-container\">\n\t\t\t\t\t\t\t<div class=\"elementor-spacer\">\n\t\t\t<div class=\"elementor-spacer-inner\"><\/div>\n\t\t<\/div>\n\t\t\t\t\t\t<\/div>\n\t\t\t\t<\/div>\n\t\t\t\t\t<\/div>\n\t\t<\/div>\n\t\t\t\t\t<\/div>\n\t\t<\/section>\n\t\t\t\t<section class=\"elementor-section elementor-top-section elementor-element elementor-element-d40120f elementor-section-boxed elementor-section-height-default elementor-section-height-default\" data-id=\"d40120f\" data-element_type=\"section\" data-e-type=\"section\">\n\t\t\t\t\t\t<div class=\"elementor-container elementor-column-gap-default\">\n\t\t\t\t\t<div class=\"elementor-column elementor-col-100 elementor-top-column elementor-element elementor-element-820994c\" data-id=\"820994c\" data-element_type=\"column\" data-e-type=\"column\">\n\t\t\t<div class=\"elementor-widget-wrap\">\n\t\t\t\t\t\t\t<\/div>\n\t\t<\/div>\n\t\t\t\t\t<\/div>\n\t\t<\/section>\n\t\t\t\t<section class=\"elementor-section elementor-top-section elementor-element elementor-element-4cc723a5 elementor-section-boxed elementor-section-height-default elementor-section-height-default\" data-id=\"4cc723a5\" data-element_type=\"section\" data-e-type=\"section\" data-settings=\"{&quot;background_background&quot;:&quot;classic&quot;}\">\n\t\t\t\t\t\t<div class=\"elementor-container elementor-column-gap-no\">\n\t\t\t\t\t<div class=\"elementor-column elementor-col-100 elementor-top-column elementor-element elementor-element-10630cc9\" data-id=\"10630cc9\" data-element_type=\"column\" data-e-type=\"column\">\n\t\t\t<div class=\"elementor-widget-wrap elementor-element-populated\">\n\t\t\t\t\t\t<div class=\"elementor-element elementor-element-0caa65e elementor-widget elementor-widget-spacer\" data-id=\"0caa65e\" data-element_type=\"widget\" data-e-type=\"widget\" data-widget_type=\"spacer.default\">\n\t\t\t\t<div class=\"elementor-widget-container\">\n\t\t\t\t\t\t\t<div class=\"elementor-spacer\">\n\t\t\t<div class=\"elementor-spacer-inner\"><\/div>\n\t\t<\/div>\n\t\t\t\t\t\t<\/div>\n\t\t\t\t<\/div>\n\t\t\t\t<div class=\"elementor-element elementor-element-4d4c402 elementor-view-default elementor-position-top elementor-widget elementor-widget-themo-header\" data-id=\"4d4c402\" data-element_type=\"widget\" data-e-type=\"widget\" data-widget_type=\"themo-header.default\">\n\t\t\t\t<div class=\"elementor-widget-container\">\n\t\t\t\t\t\t\t<div class=\"th-header-wrap\">\n        <div class=\"elementor-icon-box-wrapper \">\n                            <div class=\"elementor-icon-box-content\">\n                    <h2 class=\"elementor-icon-box-title\">\n                        Tutustu lis\u00e4palveluihimme                    <\/h2>\n                                            <span class=\"th-header-divider\"><\/span>\n                                        <p class=\"elementor-icon-box-description\"><\/p>\n\n                                    <\/div>\n            <\/div>\n\n        <\/div>\n\n\t\t\t\t\t\t<\/div>\n\t\t\t\t<\/div>\n\t\t\t\t<section class=\"elementor-section elementor-inner-section elementor-element elementor-element-7995437c elementor-section-boxed elementor-section-height-default elementor-section-height-default\" data-id=\"7995437c\" data-element_type=\"section\" data-e-type=\"section\">\n\t\t\t\t\t\t<div class=\"elementor-container elementor-column-gap-wide\">\n\t\t\t\t\t<div class=\"elementor-column elementor-col-33 elementor-inner-column elementor-element elementor-element-85a301d\" data-id=\"85a301d\" data-element_type=\"column\" data-e-type=\"column\">\n\t\t\t<div class=\"elementor-widget-wrap elementor-element-populated\">\n\t\t\t\t\t\t<div class=\"elementor-element elementor-element-6fa478e3 elementor-widget elementor-widget-themo-team\" data-id=\"6fa478e3\" data-element_type=\"widget\" data-e-type=\"widget\" data-widget_type=\"themo-team.default\">\n\t\t\t\t<div class=\"elementor-widget-container\">\n\t\t\t\t\t\n        \t\t<div class=\"th-team-member th-team-style-1\">\n                            <img fetchpriority=\"high\" decoding=\"async\" width=\"394\" height=\"394\" src=\"https:\/\/centrum.ee\/wp-content\/uploads\/2021\/04\/172474900_1136342976806073_1266402409601886993_n-394x394.jpg\" class=\"th-img-stretch\" alt=\"\" \/>            \n\t\t\t<div class=\"th-team-member-content\">\n                                                            <h4 class=\"th-team-member-name\">Kauneuspalvelut<\/h4>\n                                   \t\t\t\t\t\t\t\t\t\t\t\t\t<div class=\"th-team-member-text\">Kauneuspalveluiden k\u00e4ytt\u00f6 edellytt\u00e4\u00e4 ennakkovarausta.\n\nKampaamo +372 433 3127\nKynsiteknikko +372 508 4129\n<\/div>\n\t\t\t\t\t\t\t\t<div class=\"th-team-member-social\">\n\t\t\t\t\t\t\t\t\t<\/div>\n\t\t\t<\/div>\n\t\t<\/div>\n        \t\t\t\t\t\t<\/div>\n\t\t\t\t<\/div>\n\t\t\t\t\t<\/div>\n\t\t<\/div>\n\t\t\t\t<div class=\"elementor-column elementor-col-33 elementor-inner-column elementor-element elementor-element-418cc0b\" data-id=\"418cc0b\" data-element_type=\"column\" data-e-type=\"column\">\n\t\t\t<div class=\"elementor-widget-wrap elementor-element-populated\">\n\t\t\t\t\t\t<div class=\"elementor-element elementor-element-11f6e918 elementor-widget elementor-widget-themo-team\" data-id=\"11f6e918\" data-element_type=\"widget\" data-e-type=\"widget\" data-widget_type=\"themo-team.default\">\n\t\t\t\t<div class=\"elementor-widget-container\">\n\t\t\t\t\t\n        \t\t<div class=\"th-team-member th-team-style-1\">\n                            <img decoding=\"async\" width=\"394\" height=\"394\" src=\"https:\/\/centrum.ee\/wp-content\/uploads\/2021\/04\/Centrumi-hotelli-tuba182-394x394.jpg\" class=\"th-img-stretch\" alt=\"\" \/>            \n\t\t\t<div class=\"th-team-member-content\">\n                                                            <h4 class=\"th-team-member-name\">SAUNA<\/h4>\n                                   \t\t\t\t\t\t\t\t\t\t\t\t\t<div class=\"th-team-member-text\">Yksityissaunamme on tarkoitettu ensisijaisesti hotellivieraille. Se on erinomainen paikka, jossa voi rentoutua p\u00e4iv\u00e4n j\u00e4lkeen tai p\u00e4\u00e4tt\u00e4\u00e4 liiketapaaminen pieness\u00e4 seurueessa. Saunaan mahtuu enint\u00e4\u00e4n 5 hengen seurue.\nSauna tulee varata etuk\u00e4teen. Lis\u00e4tietoja hotellin vastaanotosta.<br>Sauna enint\u00e4\u00e4n 5 hengelle omalla sis\u00e4\u00e4nk\u00e4ynnill\u00e4, huone 1 h 20 \u20ac.\n\nLis\u00e4palvelut:\nPyyhkeet 1 \u20ac\/kpl.\nJuomia voi tilata aulabaarista.\n\n<\/div>\n\t\t\t\t\t\t\t\t<div class=\"th-team-member-social\">\n\t\t\t\t\t\t\t\t\t<\/div>\n\t\t\t<\/div>\n\t\t<\/div>\n        \t\t\t\t\t\t<\/div>\n\t\t\t\t<\/div>\n\t\t\t\t\t<\/div>\n\t\t<\/div>\n\t\t\t\t<div class=\"elementor-column elementor-col-33 elementor-inner-column elementor-element elementor-element-328a84ff\" data-id=\"328a84ff\" data-element_type=\"column\" data-e-type=\"column\">\n\t\t\t<div class=\"elementor-widget-wrap elementor-element-populated\">\n\t\t\t\t\t\t<div class=\"elementor-element elementor-element-10dc115d elementor-widget elementor-widget-themo-team\" data-id=\"10dc115d\" data-element_type=\"widget\" data-e-type=\"widget\" data-widget_type=\"themo-team.default\">\n\t\t\t\t<div class=\"elementor-widget-container\">\n\t\t\t\t\t\n        \t\t<div class=\"th-team-member th-team-style-1\">\n                            <img decoding=\"async\" width=\"394\" height=\"394\" src=\"https:\/\/centrum.ee\/wp-content\/uploads\/2021\/03\/P2911559-394x394.jpg\" class=\"th-img-stretch\" alt=\"\" \/>            \n\t\t\t<div class=\"th-team-member-content\">\n                                                            <h4 class=\"th-team-member-name\">Solarium<\/h4>\n                                   \t\t\t\t\t\t\t\t\t\t\t\t\t<div class=\"th-team-member-text\">Tarjoamme asiakkaillemme mahdollisuuden k\u00e4ytt\u00e4\u00e4 solariumia. Lis\u00e4tietoa numerosta +372 435 1100 tai paikan p\u00e4\u00e4ll\u00e4. <\/div>\n\t\t\t\t\t\t\t\t<div class=\"th-team-member-social\">\n\t\t\t\t\t\t\t\t\t<\/div>\n\t\t\t<\/div>\n\t\t<\/div>\n        \t\t\t\t\t\t<\/div>\n\t\t\t\t<\/div>\n\t\t\t\t\t<\/div>\n\t\t<\/div>\n\t\t\t\t\t<\/div>\n\t\t<\/section>\n\t\t\t\t<section class=\"elementor-section elementor-inner-section elementor-element elementor-element-7bdad008 elementor-section-boxed elementor-section-height-default elementor-section-height-default\" data-id=\"7bdad008\" data-element_type=\"section\" data-e-type=\"section\">\n\t\t\t\t\t\t<div class=\"elementor-container elementor-column-gap-wide\">\n\t\t\t\t\t<div class=\"elementor-column elementor-col-33 elementor-inner-column elementor-element elementor-element-342ff924\" data-id=\"342ff924\" data-element_type=\"column\" data-e-type=\"column\">\n\t\t\t<div class=\"elementor-widget-wrap\">\n\t\t\t\t\t\t\t<\/div>\n\t\t<\/div>\n\t\t\t\t<div class=\"elementor-column elementor-col-33 elementor-inner-column elementor-element elementor-element-639e93f1\" data-id=\"639e93f1\" data-element_type=\"column\" data-e-type=\"column\">\n\t\t\t<div class=\"elementor-widget-wrap\">\n\t\t\t\t\t\t\t<\/div>\n\t\t<\/div>\n\t\t\t\t<div class=\"elementor-column elementor-col-33 elementor-inner-column elementor-element elementor-element-4fa9959b\" data-id=\"4fa9959b\" data-element_type=\"column\" data-e-type=\"column\" data-settings=\"{&quot;background_background&quot;:&quot;classic&quot;}\">\n\t\t\t<div class=\"elementor-widget-wrap\">\n\t\t\t\t\t\t\t<\/div>\n\t\t<\/div>\n\t\t\t\t\t<\/div>\n\t\t<\/section>\n\t\t\t\t<div class=\"elementor-element elementor-element-1481f594 elementor-widget elementor-widget-spacer\" data-id=\"1481f594\" data-element_type=\"widget\" data-e-type=\"widget\" data-widget_type=\"spacer.default\">\n\t\t\t\t<div class=\"elementor-widget-container\">\n\t\t\t\t\t\t\t<div class=\"elementor-spacer\">\n\t\t\t<div class=\"elementor-spacer-inner\"><\/div>\n\t\t<\/div>\n\t\t\t\t\t\t<\/div>\n\t\t\t\t<\/div>\n\t\t\t\t\t<\/div>\n\t\t<\/div>\n\t\t\t\t\t<\/div>\n\t\t<\/section>\n\t\t\t\t<\/div>\n\t\t","protected":false},"excerpt":{"rendered":"<p>Saman katon alta kaikki mit\u00e4 tarvitset! Odotamme sinua! Tervetuloa Centrumiin! Centrum-hotelli sijaitsee Viljandin keskustassa Centrum-kauppakeskuksen 3. kerroksessa . Hotelli on sopiva majoituspaikka sek\u00e4 liikematkailijoille ett\u00e4 turisteille. Valoisien standard- ja comfort-huoneiden lis\u00e4ksi meilt\u00e4 l\u00f6ytyy huoneita allergikoille ja liikuntarajoitteisille. Tarjoamme asiakkaillemme my\u00f6s &hellip; <a href=\"https:\/\/centrum.ee\/fi\/hotellista\/\">Read More<\/a><\/p>\n","protected":false},"author":1,"featured_media":0,"parent":0,"menu_order":5,"comment_status":"closed","ping_status":"closed","template":"","meta":{"footnotes":""},"class_list":["post-2741","page","type-page","status-publish","hentry"],"_links":{"self":[{"href":"https:\/\/centrum.ee\/fi\/wp-json\/wp\/v2\/pages\/2741","targetHints":{"allow":["GET"]}}],"collection":[{"href":"https:\/\/centrum.ee\/fi\/wp-json\/wp\/v2\/pages"}],"about":[{"href":"https:\/\/centrum.ee\/fi\/wp-json\/wp\/v2\/types\/page"}],"author":[{"embeddable":true,"href":"https:\/\/centrum.ee\/fi\/wp-json\/wp\/v2\/users\/1"}],"replies":[{"embeddable":true,"href":"https:\/\/centrum.ee\/fi\/wp-json\/wp\/v2\/comments?post=2741"}],"version-history":[{"count":12,"href":"https:\/\/centrum.ee\/fi\/wp-json\/wp\/v2\/pages\/2741\/revisions"}],"predecessor-version":[{"id":3925,"href":"https:\/\/centrum.ee\/fi\/wp-json\/wp\/v2\/pages\/2741\/revisions\/3925"}],"wp:attachment":[{"href":"https:\/\/centrum.ee\/fi\/wp-json\/wp\/v2\/media?parent=2741"}],"curies":[{"name":"wp","href":"https:\/\/api.w.org\/{rel}","templated":true}]}}