{"id":2695,"date":"2022-06-22T11:41:58","date_gmt":"2022-06-22T08:41:58","guid":{"rendered":"https:\/\/centrum.ee\/teatteripaketti\/"},"modified":"2022-08-04T15:50:53","modified_gmt":"2022-08-04T12:50:53","slug":"teatteripaketti","status":"publish","type":"page","link":"https:\/\/centrum.ee\/fi\/teatteripaketti\/","title":{"rendered":"Teatteripaketti"},"content":{"rendered":"\t\t<div data-elementor-type=\"wp-page\" data-elementor-id=\"2695\" class=\"elementor elementor-2695 elementor-2\">\n\t\t\t\t\t\t<section class=\"elementor-section elementor-top-section elementor-element elementor-element-e6365d7 elementor-section-boxed elementor-section-height-default elementor-section-height-default\" data-id=\"e6365d7\" data-element_type=\"section\" data-e-type=\"section\">\n\t\t\t\t\t\t<div class=\"elementor-container elementor-column-gap-default\">\n\t\t\t\t\t<div class=\"elementor-column elementor-col-100 elementor-top-column elementor-element elementor-element-f510bbc\" data-id=\"f510bbc\" data-element_type=\"column\" data-e-type=\"column\">\n\t\t\t<div class=\"elementor-widget-wrap elementor-element-populated\">\n\t\t\t\t\t\t<div class=\"elementor-element elementor-element-2c72127 elementor-widget elementor-widget-spacer\" data-id=\"2c72127\" data-element_type=\"widget\" data-e-type=\"widget\" data-widget_type=\"spacer.default\">\n\t\t\t\t<div class=\"elementor-widget-container\">\n\t\t\t\t\t\t\t<div class=\"elementor-spacer\">\n\t\t\t<div class=\"elementor-spacer-inner\"><\/div>\n\t\t<\/div>\n\t\t\t\t\t\t<\/div>\n\t\t\t\t<\/div>\n\t\t\t\t\t<\/div>\n\t\t<\/div>\n\t\t\t\t\t<\/div>\n\t\t<\/section>\n\t\t\t\t<section class=\"elementor-section elementor-top-section elementor-element elementor-element-fa79abe elementor-section-boxed elementor-section-height-default elementor-section-height-default\" data-id=\"fa79abe\" data-element_type=\"section\" data-e-type=\"section\">\n\t\t\t\t\t\t<div class=\"elementor-container elementor-column-gap-default\">\n\t\t\t\t\t<div class=\"elementor-column elementor-col-50 elementor-top-column elementor-element elementor-element-66c0166\" data-id=\"66c0166\" data-element_type=\"column\" data-e-type=\"column\">\n\t\t\t<div class=\"elementor-widget-wrap elementor-element-populated\">\n\t\t\t\t\t\t<div class=\"elementor-element elementor-element-54cdac2 elementor-widget elementor-widget-heading\" data-id=\"54cdac2\" data-element_type=\"widget\" data-e-type=\"widget\" data-widget_type=\"heading.default\">\n\t\t\t\t<div class=\"elementor-widget-container\">\n\t\t\t\t\t<h2 class=\"elementor-heading-title elementor-size-default\">Teatteripaketti<\/h2>\t\t\t\t<\/div>\n\t\t\t\t<\/div>\n\t\t\t\t<div class=\"elementor-element elementor-element-2fe164b elementor-widget elementor-widget-text-editor\" data-id=\"2fe164b\" data-element_type=\"widget\" data-e-type=\"widget\" data-widget_type=\"text-editor.default\">\n\t\t\t\t<div class=\"elementor-widget-container\">\n\t\t\t\t\t\t\t\t\t<p>Yhteisty\u00f6ss\u00e4 Ugala-teatterin kanssa tarjoamme asiakkaillemme mahdollisuuden varata teatteripaketti.<\/p><p>Kahden hengen pakettiin kuuluu:<\/p><p>* Liput valittuun Ugala-teatterin esitykseen<\/p><p>* majoitus valitun huoneen mukaan<\/p><p>* Lasillinen viini\u00e4 hotellissa<\/p><p>* <em>Buffet-<\/em>aamiainen<\/p>\t\t\t\t\t\t\t\t<\/div>\n\t\t\t\t<\/div>\n\t\t\t\t<div class=\"elementor-element elementor-element-31c64bc elementor-widget elementor-widget-spacer\" data-id=\"31c64bc\" data-element_type=\"widget\" data-e-type=\"widget\" data-widget_type=\"spacer.default\">\n\t\t\t\t<div class=\"elementor-widget-container\">\n\t\t\t\t\t\t\t<div class=\"elementor-spacer\">\n\t\t\t<div class=\"elementor-spacer-inner\"><\/div>\n\t\t<\/div>\n\t\t\t\t\t\t<\/div>\n\t\t\t\t<\/div>\n\t\t\t\t<div class=\"elementor-element elementor-element-5edd362 elementor-widget elementor-widget-heading\" data-id=\"5edd362\" data-element_type=\"widget\" data-e-type=\"widget\" data-widget_type=\"heading.default\">\n\t\t\t\t<div class=\"elementor-widget-container\">\n\t\t\t\t\t<h2 class=\"elementor-heading-title elementor-size-default\">Pyyd\u00e4 tarjous<\/h2>\t\t\t\t<\/div>\n\t\t\t\t<\/div>\n\t\t\t\t<div class=\"elementor-element elementor-element-187b06c elementor-widget elementor-widget-themo-formidable-form\" data-id=\"187b06c\" data-element_type=\"widget\" data-e-type=\"widget\" data-widget_type=\"themo-formidable-form.default\">\n\t\t\t\t<div class=\"elementor-widget-container\">\n\t\t\t\t\t            <div class=\"th-fo-form  th-centered th-form-default  th-btn-form btn-standard-primary-form\"><div class=\"frm_forms  with_frm_style frm_style_formidable-style\" id=\"frm_form_15_container\" >\n<form enctype=\"multipart\/form-data\" method=\"post\" class=\"frm-show-form \" id=\"form_teatripakett\" >\n<div class=\"frm_form_fields \">\n<fieldset>\n\r\n<div class=\"frm_fields_container\">\n<input type=\"hidden\" name=\"frm_action\" value=\"create\" \/>\n<input type=\"hidden\" name=\"form_id\" value=\"15\" \/>\n<input type=\"hidden\" name=\"frm_hide_fields_15\" id=\"frm_hide_fields_15\" value=\"\" \/>\n<input type=\"hidden\" name=\"form_key\" value=\"teatripakett\" \/>\n<input type=\"hidden\" name=\"item_meta[0]\" value=\"\" \/>\n<input type=\"hidden\" id=\"frm_submit_entry_15\" name=\"frm_submit_entry_15\" value=\"b3eb4177e6\" \/><input type=\"hidden\" name=\"_wp_http_referer\" value=\"\/fi\/wp-json\/wp\/v2\/pages\/2695\" \/><div id=\"frm_field_92_container\" class=\"frm_form_field form-field  frm_required_field frm_none_container frm_full\">\r\n    <label for=\"field_xipbjr32ed53203a8\" class=\"frm_primary_label\">Nimi\r\n        <span class=\"frm_required\">*<\/span>\r\n    <\/label>\r\n    <input type=\"text\" id=\"field_xipbjr32ed53203a8\" name=\"item_meta[92]\" value=\"\"  placeholder=\"Nimi\" data-reqmsg=\"See v\u00e4li ei tohi olla t\u00fchi.\" aria-required=\"true\" data-invmsg=\"Name is invalid\" aria-invalid=\"false\"  \/>\r\n    \r\n    \r\n<\/div>\n<div id=\"frm_field_93_container\" class=\"frm_form_field form-field  frm_required_field frm_none_container frm_full\">\r\n    <label for=\"field_jaehy83651d8a3be0\" class=\"frm_primary_label\">E-mail\r\n        <span class=\"frm_required\">*<\/span>\r\n    <\/label>\r\n    <input type=\"text\" id=\"field_jaehy83651d8a3be0\" name=\"item_meta[93]\" value=\"\"  placeholder=\"E-mail\" data-reqmsg=\"See v\u00e4li ei tohi olla t\u00fchi.\" aria-required=\"true\" data-invmsg=\"Email is invalid\" aria-invalid=\"false\"  \/>\r\n    \r\n    \r\n<\/div>\n<div id=\"frm_field_94_container\" class=\"frm_form_field form-field  frm_none_container frm_full\">\r\n    <label for=\"field_cqpguu3892fb268c5\" class=\"frm_primary_label\">Telefon\r\n        <span class=\"frm_required\"><\/span>\r\n    <\/label>\r\n    <input type=\"text\" id=\"field_cqpguu3892fb268c5\" name=\"item_meta[94]\" value=\"\"  placeholder=\"Telefon\" data-invmsg=\"Phone is invalid\" aria-invalid=\"false\"  \/>\r\n    \r\n    \r\n<\/div>\n<div id=\"frm_field_95_container\" class=\"frm_form_field form-field  frm_required_field frm_none_container frm_full\">\r\n    <label for=\"field_w7ueyk37fd16f577b\" class=\"frm_primary_label\">Teema\r\n        <span class=\"frm_required\">*<\/span>\r\n    <\/label>\r\n    <input type=\"text\" id=\"field_w7ueyk37fd16f577b\" name=\"item_meta[95]\" value=\"\"  placeholder=\"Teema\" data-reqmsg=\"See v\u00e4li ei tohi olla t\u00fchi.\" aria-required=\"true\" data-invmsg=\"Subject is invalid\" aria-invalid=\"false\"  \/>\r\n    \r\n    \r\n<\/div>\n<div id=\"frm_field_96_container\" class=\"frm_form_field form-field  frm_required_field frm_none_container frm_full\">\r\n    <label for=\"field_kggkvh30aefc61c1d\" class=\"frm_primary_label\">P\u00e4ring\r\n        <span class=\"frm_required\">*<\/span>\r\n    <\/label>\r\n    <textarea name=\"item_meta[96]\" id=\"field_kggkvh30aefc61c1d\" rows=\"5\"  placeholder=\"P\u00e4ring\" data-reqmsg=\"See v\u00e4li ei tohi olla t\u00fchi.\" aria-required=\"true\" data-invmsg=\"P\u00e4ring is invalid\" aria-invalid=\"false\"  ><\/textarea>\r\n    \r\n    \r\n<\/div>\n\t<input type=\"hidden\" name=\"item_key\" value=\"\" \/>\n\t\t\t<div id=\"frm_field_104_container\">\n\t\t\t<label for=\"field_qxpdg\" >\n\t\t\t\tIf you are human, leave this field blank.\t\t\t<\/label>\n\t\t\t<input  id=\"field_qxpdg\" type=\"text\" class=\"frm_form_field form-field frm_verify\" name=\"item_meta[104]\" value=\"\"  \/>\n\t\t<\/div>\n\t\t<input name=\"frm_state\" type=\"hidden\" value=\"ICgyLWc16KJj0dgrYPfOfmZsO+rZPAJu+7YdE95ZGgU=\" \/><div class=\"frm_submit\">\r\n\r\n<input type=\"submit\" value=\"Saada\"  \/>\r\n<img decoding=\"async\" class=\"frm_ajax_loading\" src=\"https:\/\/centrum.ee\/wp-content\/plugins\/formidable\/images\/ajax_loader.gif\" alt=\"Sending\" style=\"visibility:hidden;\" \/>\r\n\r\n<\/div><\/div>\n<\/fieldset>\n<\/div>\n\n<\/form>\n<\/div>\n<\/div>\n            \t\t\t\t<\/div>\n\t\t\t\t<\/div>\n\t\t\t\t\t<\/div>\n\t\t<\/div>\n\t\t\t\t<div class=\"elementor-column elementor-col-50 elementor-top-column elementor-element elementor-element-229af57\" data-id=\"229af57\" data-element_type=\"column\" data-e-type=\"column\">\n\t\t\t<div class=\"elementor-widget-wrap elementor-element-populated\">\n\t\t\t\t\t\t<div class=\"elementor-element elementor-element-2e92fe5 elementor-widget elementor-widget-themo-image-gallery\" data-id=\"2e92fe5\" data-element_type=\"widget\" data-e-type=\"widget\" data-widget_type=\"themo-image-gallery.default\">\n\t\t\t\t<div class=\"elementor-widget-container\">\n\t\t\t\t\t\t\t<div class=\"elementor-image-gallery th-image-stretch\">\n\t\t\t<div class=\"gallery gallery-2695-1\"><div class=\"row gallery-row\"><div class=\"col-sm-6 col-lg-6\"><img fetchpriority=\"high\" decoding=\"async\" width=\"394\" height=\"263\" src=\"https:\/\/centrum.ee\/wp-content\/uploads\/2021\/04\/Centrumi-hotelli-tuba131-394x263.jpg\" class=\"thumbnail img-thumbnail test\" alt=\"\" srcset=\"https:\/\/centrum.ee\/wp-content\/uploads\/2021\/04\/Centrumi-hotelli-tuba131-394x263.jpg 394w, https:\/\/centrum.ee\/wp-content\/uploads\/2021\/04\/Centrumi-hotelli-tuba131-300x200.jpg 300w, https:\/\/centrum.ee\/wp-content\/uploads\/2021\/04\/Centrumi-hotelli-tuba131-1024x682.jpg 1024w, https:\/\/centrum.ee\/wp-content\/uploads\/2021\/04\/Centrumi-hotelli-tuba131-768x512.jpg 768w, https:\/\/centrum.ee\/wp-content\/uploads\/2021\/04\/Centrumi-hotelli-tuba131-1536x1024.jpg 1536w, https:\/\/centrum.ee\/wp-content\/uploads\/2021\/04\/Centrumi-hotelli-tuba131-120x80.jpg 120w, https:\/\/centrum.ee\/wp-content\/uploads\/2021\/04\/Centrumi-hotelli-tuba131-915x610.jpg 915w, https:\/\/centrum.ee\/wp-content\/uploads\/2021\/04\/Centrumi-hotelli-tuba131-1240x826.jpg 1240w, https:\/\/centrum.ee\/wp-content\/uploads\/2021\/04\/Centrumi-hotelli-tuba131-1620x1080.jpg 1620w, https:\/\/centrum.ee\/wp-content\/uploads\/2021\/04\/Centrumi-hotelli-tuba131.jpg 2000w\" sizes=\"(max-width: 394px) 100vw, 394px\" \/><div class=\"gallery-text\"><div class=\"image-title\">Centrumi hotelli standardtuba 8<\/div><\/div><\/div><div class=\"col-sm-6 col-lg-6\"><img decoding=\"async\" width=\"394\" height=\"263\" src=\"https:\/\/centrum.ee\/wp-content\/uploads\/2021\/04\/ugala_saal_-394x263.jpeg\" class=\"thumbnail img-thumbnail test\" alt=\"\" srcset=\"https:\/\/centrum.ee\/wp-content\/uploads\/2021\/04\/ugala_saal_-394x263.jpeg 394w, https:\/\/centrum.ee\/wp-content\/uploads\/2021\/04\/ugala_saal_-300x201.jpeg 300w, https:\/\/centrum.ee\/wp-content\/uploads\/2021\/04\/ugala_saal_-1024x685.jpeg 1024w, https:\/\/centrum.ee\/wp-content\/uploads\/2021\/04\/ugala_saal_-768x514.jpeg 768w, https:\/\/centrum.ee\/wp-content\/uploads\/2021\/04\/ugala_saal_-1536x1027.jpeg 1536w, https:\/\/centrum.ee\/wp-content\/uploads\/2021\/04\/ugala_saal_-120x80.jpeg 120w, https:\/\/centrum.ee\/wp-content\/uploads\/2021\/04\/ugala_saal_-915x612.jpeg 915w, https:\/\/centrum.ee\/wp-content\/uploads\/2021\/04\/ugala_saal_-1240x829.jpeg 1240w, https:\/\/centrum.ee\/wp-content\/uploads\/2021\/04\/ugala_saal_.jpeg 1600w\" sizes=\"(max-width: 394px) 100vw, 394px\" \/><div class=\"gallery-text\"><div class=\"image-title\">ugala_saal_<\/div><\/div><\/div><\/div><div class=\"row gallery-row\"><div class=\"col-sm-6 col-lg-6\"><img decoding=\"async\" width=\"394\" height=\"263\" src=\"https:\/\/centrum.ee\/wp-content\/uploads\/2021\/04\/Centrumi-hotelli-tuba62-394x263.jpg\" class=\"thumbnail img-thumbnail test\" alt=\"\" srcset=\"https:\/\/centrum.ee\/wp-content\/uploads\/2021\/04\/Centrumi-hotelli-tuba62-394x263.jpg 394w, https:\/\/centrum.ee\/wp-content\/uploads\/2021\/04\/Centrumi-hotelli-tuba62-300x200.jpg 300w, https:\/\/centrum.ee\/wp-content\/uploads\/2021\/04\/Centrumi-hotelli-tuba62-1024x682.jpg 1024w, https:\/\/centrum.ee\/wp-content\/uploads\/2021\/04\/Centrumi-hotelli-tuba62-768x512.jpg 768w, https:\/\/centrum.ee\/wp-content\/uploads\/2021\/04\/Centrumi-hotelli-tuba62-1536x1024.jpg 1536w, https:\/\/centrum.ee\/wp-content\/uploads\/2021\/04\/Centrumi-hotelli-tuba62-120x80.jpg 120w, https:\/\/centrum.ee\/wp-content\/uploads\/2021\/04\/Centrumi-hotelli-tuba62-915x610.jpg 915w, https:\/\/centrum.ee\/wp-content\/uploads\/2021\/04\/Centrumi-hotelli-tuba62-1240x826.jpg 1240w, https:\/\/centrum.ee\/wp-content\/uploads\/2021\/04\/Centrumi-hotelli-tuba62-1620x1080.jpg 1620w, https:\/\/centrum.ee\/wp-content\/uploads\/2021\/04\/Centrumi-hotelli-tuba62.jpg 2000w\" sizes=\"(max-width: 394px) 100vw, 394px\" \/><div class=\"gallery-text\"><div class=\"image-title\">Centrum-hotellin liikuntarajoitteisten huone 33<\/div><\/div><\/div><div class=\"col-sm-6 col-lg-6\"><img loading=\"lazy\" decoding=\"async\" width=\"394\" height=\"263\" src=\"https:\/\/centrum.ee\/wp-content\/uploads\/2021\/04\/Centrumi-hotelli-tuba139-394x263.jpg\" class=\"thumbnail img-thumbnail test\" alt=\"\" srcset=\"https:\/\/centrum.ee\/wp-content\/uploads\/2021\/04\/Centrumi-hotelli-tuba139-394x263.jpg 394w, https:\/\/centrum.ee\/wp-content\/uploads\/2021\/04\/Centrumi-hotelli-tuba139-300x200.jpg 300w, https:\/\/centrum.ee\/wp-content\/uploads\/2021\/04\/Centrumi-hotelli-tuba139-1024x682.jpg 1024w, https:\/\/centrum.ee\/wp-content\/uploads\/2021\/04\/Centrumi-hotelli-tuba139-768x512.jpg 768w, https:\/\/centrum.ee\/wp-content\/uploads\/2021\/04\/Centrumi-hotelli-tuba139-1536x1024.jpg 1536w, https:\/\/centrum.ee\/wp-content\/uploads\/2021\/04\/Centrumi-hotelli-tuba139-120x80.jpg 120w, https:\/\/centrum.ee\/wp-content\/uploads\/2021\/04\/Centrumi-hotelli-tuba139-915x610.jpg 915w, https:\/\/centrum.ee\/wp-content\/uploads\/2021\/04\/Centrumi-hotelli-tuba139-1240x826.jpg 1240w, https:\/\/centrum.ee\/wp-content\/uploads\/2021\/04\/Centrumi-hotelli-tuba139-1620x1080.jpg 1620w, https:\/\/centrum.ee\/wp-content\/uploads\/2021\/04\/Centrumi-hotelli-tuba139.jpg 2000w\" sizes=\"(max-width: 394px) 100vw, 394px\" \/><div class=\"gallery-text\"><div class=\"image-title\">Centrumi hotelli comfort tuba 12<\/div><\/div><\/div><\/div><div class=\"row gallery-row\"><div class=\"col-sm-6 col-lg-6\"><img loading=\"lazy\" decoding=\"async\" width=\"394\" height=\"256\" src=\"https:\/\/centrum.ee\/wp-content\/uploads\/2021\/04\/ugala_fuajee_-394x256.jpeg\" class=\"thumbnail img-thumbnail test\" alt=\"\" srcset=\"https:\/\/centrum.ee\/wp-content\/uploads\/2021\/04\/ugala_fuajee_-394x256.jpeg 394w, https:\/\/centrum.ee\/wp-content\/uploads\/2021\/04\/ugala_fuajee_-300x195.jpeg 300w, https:\/\/centrum.ee\/wp-content\/uploads\/2021\/04\/ugala_fuajee_-1024x666.jpeg 1024w, https:\/\/centrum.ee\/wp-content\/uploads\/2021\/04\/ugala_fuajee_-768x500.jpeg 768w, https:\/\/centrum.ee\/wp-content\/uploads\/2021\/04\/ugala_fuajee_-1536x999.jpeg 1536w, https:\/\/centrum.ee\/wp-content\/uploads\/2021\/04\/ugala_fuajee_-123x80.jpeg 123w, https:\/\/centrum.ee\/wp-content\/uploads\/2021\/04\/ugala_fuajee_-915x595.jpeg 915w, https:\/\/centrum.ee\/wp-content\/uploads\/2021\/04\/ugala_fuajee_-1240x807.jpeg 1240w, https:\/\/centrum.ee\/wp-content\/uploads\/2021\/04\/ugala_fuajee_.jpeg 1600w\" sizes=\"(max-width: 394px) 100vw, 394px\" \/><div class=\"gallery-text\"><div class=\"image-title\">ugala_fuajee_<\/div><\/div><\/div><div class=\"col-sm-6 col-lg-6\"><img loading=\"lazy\" decoding=\"async\" width=\"394\" height=\"263\" src=\"https:\/\/centrum.ee\/wp-content\/uploads\/2021\/03\/P2911513-394x263.jpg\" class=\"thumbnail img-thumbnail test\" alt=\"\" srcset=\"https:\/\/centrum.ee\/wp-content\/uploads\/2021\/03\/P2911513-394x263.jpg 394w, https:\/\/centrum.ee\/wp-content\/uploads\/2021\/03\/P2911513-300x200.jpg 300w, https:\/\/centrum.ee\/wp-content\/uploads\/2021\/03\/P2911513-1024x683.jpg 1024w, https:\/\/centrum.ee\/wp-content\/uploads\/2021\/03\/P2911513-768x512.jpg 768w, https:\/\/centrum.ee\/wp-content\/uploads\/2021\/03\/P2911513-120x80.jpg 120w, https:\/\/centrum.ee\/wp-content\/uploads\/2021\/03\/P2911513-915x610.jpg 915w, https:\/\/centrum.ee\/wp-content\/uploads\/2021\/03\/P2911513-1240x827.jpg 1240w, https:\/\/centrum.ee\/wp-content\/uploads\/2021\/03\/P2911513.jpg 1440w\" sizes=\"(max-width: 394px) 100vw, 394px\" \/><div class=\"gallery-text\"><div class=\"image-title\">Centrumi fujaee<\/div><\/div><\/div><\/div><\/div>\t\t<\/div>\n\t\t\t\t\t\t<\/div>\n\t\t\t\t<\/div>\n\t\t\t\t\t<\/div>\n\t\t<\/div>\n\t\t\t\t\t<\/div>\n\t\t<\/section>\n\t\t\t\t<section class=\"elementor-section elementor-top-section elementor-element elementor-element-af99a4e elementor-section-boxed elementor-section-height-default elementor-section-height-default\" data-id=\"af99a4e\" data-element_type=\"section\" data-e-type=\"section\">\n\t\t\t\t\t\t<div class=\"elementor-container elementor-column-gap-default\">\n\t\t\t\t\t<div class=\"elementor-column elementor-col-100 elementor-top-column elementor-element elementor-element-75f42ec\" data-id=\"75f42ec\" data-element_type=\"column\" data-e-type=\"column\">\n\t\t\t<div class=\"elementor-widget-wrap\">\n\t\t\t\t\t\t\t<\/div>\n\t\t<\/div>\n\t\t\t\t\t<\/div>\n\t\t<\/section>\n\t\t\t\t<\/div>\n\t\t","protected":false},"excerpt":{"rendered":"<p>Teatteripaketti Yhteisty\u00f6ss\u00e4 Ugala-teatterin kanssa tarjoamme asiakkaillemme mahdollisuuden varata teatteripaketti. Kahden hengen pakettiin kuuluu: * Liput valittuun Ugala-teatterin esitykseen * majoitus valitun huoneen mukaan * Lasillinen viini\u00e4 hotellissa * Buffet-aamiainen Pyyd\u00e4 tarjous Nimi * E-mail * Telefon Teema * P\u00e4ring * &hellip; <a href=\"https:\/\/centrum.ee\/fi\/teatteripaketti\/\">Read More<\/a><\/p>\n","protected":false},"author":1,"featured_media":0,"parent":0,"menu_order":18,"comment_status":"closed","ping_status":"open","template":"","meta":{"footnotes":""},"class_list":["post-2695","page","type-page","status-publish","hentry"],"_links":{"self":[{"href":"https:\/\/centrum.ee\/fi\/wp-json\/wp\/v2\/pages\/2695","targetHints":{"allow":["GET"]}}],"collection":[{"href":"https:\/\/centrum.ee\/fi\/wp-json\/wp\/v2\/pages"}],"about":[{"href":"https:\/\/centrum.ee\/fi\/wp-json\/wp\/v2\/types\/page"}],"author":[{"embeddable":true,"href":"https:\/\/centrum.ee\/fi\/wp-json\/wp\/v2\/users\/1"}],"replies":[{"embeddable":true,"href":"https:\/\/centrum.ee\/fi\/wp-json\/wp\/v2\/comments?post=2695"}],"version-history":[{"count":9,"href":"https:\/\/centrum.ee\/fi\/wp-json\/wp\/v2\/pages\/2695\/revisions"}],"predecessor-version":[{"id":3002,"href":"https:\/\/centrum.ee\/fi\/wp-json\/wp\/v2\/pages\/2695\/revisions\/3002"}],"wp:attachment":[{"href":"https:\/\/centrum.ee\/fi\/wp-json\/wp\/v2\/media?parent=2695"}],"curies":[{"name":"wp","href":"https:\/\/api.w.org\/{rel}","templated":true}]}}