{"id":2689,"date":"2022-06-22T10:13:25","date_gmt":"2022-06-22T07:13:25","guid":{"rendered":"https:\/\/centrum.ee\/paketit\/"},"modified":"2025-03-25T11:38:50","modified_gmt":"2025-03-25T09:38:50","slug":"paketit","status":"publish","type":"page","link":"https:\/\/centrum.ee\/fi\/paketit\/","title":{"rendered":"Paketit"},"content":{"rendered":"\t\t<div data-elementor-type=\"wp-post\" data-elementor-id=\"2689\" class=\"elementor elementor-2689 elementor-61\">\n\t\t\t\t\t\t<section class=\"elementor-section elementor-top-section elementor-element elementor-element-3a3a776 elementor-section-full_width elementor-section-height-min-height elementor-section-height-default elementor-section-items-middle\" data-id=\"3a3a776\" data-element_type=\"section\" data-e-type=\"section\" data-settings=\"{&quot;background_background&quot;:&quot;classic&quot;}\">\n\t\t\t\t\t\t\t<div class=\"elementor-background-overlay\"><\/div>\n\t\t\t\t\t\t\t<div class=\"elementor-container elementor-column-gap-default\">\n\t\t\t\t\t<div class=\"elementor-column elementor-col-100 elementor-top-column elementor-element elementor-element-5b0dbb68\" data-id=\"5b0dbb68\" data-element_type=\"column\" data-e-type=\"column\">\n\t\t\t<div class=\"elementor-widget-wrap elementor-element-populated\">\n\t\t\t\t\t\t<div class=\"elementor-element elementor-element-522aab72 elementor-widget elementor-widget-spacer\" data-id=\"522aab72\" data-element_type=\"widget\" data-e-type=\"widget\" data-widget_type=\"spacer.default\">\n\t\t\t\t<div class=\"elementor-widget-container\">\n\t\t\t\t\t\t\t<div class=\"elementor-spacer\">\n\t\t\t<div class=\"elementor-spacer-inner\"><\/div>\n\t\t<\/div>\n\t\t\t\t\t\t<\/div>\n\t\t\t\t<\/div>\n\t\t\t\t<div class=\"elementor-element elementor-element-5a3532ef elementor-view-default elementor-position-top elementor-invisible elementor-widget elementor-widget-themo-header\" data-id=\"5a3532ef\" data-element_type=\"widget\" data-e-type=\"widget\" data-settings=\"{&quot;_animation&quot;:&quot;fadeIn&quot;}\" data-widget_type=\"themo-header.default\">\n\t\t\t\t<div class=\"elementor-widget-container\">\n\t\t\t\t\t\t\t<div class=\"th-header-wrap\">\n        <div class=\"elementor-icon-box-wrapper \">\n                            <div class=\"elementor-icon-box-content\">\n                    <h1 class=\"elementor-icon-box-title\">\n                        PAKETIT JA ERIKOISTARJOUKSET                    <\/h1>\n                                        <p class=\"elementor-icon-box-description\"><\/p>\n\n                                    <\/div>\n            <\/div>\n\n        <\/div>\n\n\t\t\t\t\t\t<\/div>\n\t\t\t\t<\/div>\n\t\t\t\t\t<\/div>\n\t\t<\/div>\n\t\t\t\t\t<\/div>\n\t\t<\/section>\n\t\t\t\t<section class=\"elementor-section elementor-top-section elementor-element elementor-element-4ac5458d elementor-section-boxed elementor-section-height-default elementor-section-height-default\" data-id=\"4ac5458d\" data-element_type=\"section\" data-e-type=\"section\" data-settings=\"{&quot;background_background&quot;:&quot;classic&quot;}\">\n\t\t\t\t\t\t<div class=\"elementor-container elementor-column-gap-default\">\n\t\t\t\t\t<div class=\"elementor-column elementor-col-100 elementor-top-column elementor-element elementor-element-6e5e63d9\" data-id=\"6e5e63d9\" data-element_type=\"column\" data-e-type=\"column\">\n\t\t\t<div class=\"elementor-widget-wrap elementor-element-populated\">\n\t\t\t\t\t\t<div class=\"elementor-element elementor-element-69b5ac1 elementor-widget elementor-widget-menu-anchor\" data-id=\"69b5ac1\" data-element_type=\"widget\" data-e-type=\"widget\" data-widget_type=\"menu-anchor.default\">\n\t\t\t\t<div class=\"elementor-widget-container\">\n\t\t\t\t\t\t\t<div class=\"elementor-menu-anchor\" id=\"tarjouksia\"><\/div>\n\t\t\t\t\t\t<\/div>\n\t\t\t\t<\/div>\n\t\t\t\t<div class=\"elementor-element elementor-element-63acaa89 elementor-widget elementor-widget-spacer\" data-id=\"63acaa89\" data-element_type=\"widget\" data-e-type=\"widget\" data-widget_type=\"spacer.default\">\n\t\t\t\t<div class=\"elementor-widget-container\">\n\t\t\t\t\t\t\t<div class=\"elementor-spacer\">\n\t\t\t<div class=\"elementor-spacer-inner\"><\/div>\n\t\t<\/div>\n\t\t\t\t\t\t<\/div>\n\t\t\t\t<\/div>\n\t\t\t\t<div class=\"elementor-element elementor-element-7c7c62d9 elementor-view-default elementor-position-top elementor-widget elementor-widget-themo-header\" data-id=\"7c7c62d9\" data-element_type=\"widget\" data-e-type=\"widget\" data-widget_type=\"themo-header.default\">\n\t\t\t\t<div class=\"elementor-widget-container\">\n\t\t\t\t\t\t\t<div class=\"th-header-wrap\">\n        <div class=\"elementor-icon-box-wrapper th-show-icon\">\n                            <div class=\"elementor-icon-box-icon th-icon-size-md\">\n                    <span class=\"elementor-icon \">\n                        <i class=\"th-linea icon-ecommerce-sales\" aria-hidden=\"true\" fff><\/i>                    <\/span>\n                <\/div>\n                                <div class=\"elementor-icon-box-content\">\n                    <h2 class=\"elementor-icon-box-title\">\n                        PAKETIT                    <\/h2>\n                                            <span class=\"th-header-divider\"><\/span>\n                                        <p class=\"elementor-icon-box-description\"><\/p>\n\n                                    <\/div>\n            <\/div>\n\n        <\/div>\n\n\t\t\t\t\t\t<\/div>\n\t\t\t\t<\/div>\n\t\t\t\t<div class=\"elementor-element elementor-element-601809a8 elementor-widget elementor-widget-spacer\" data-id=\"601809a8\" data-element_type=\"widget\" data-e-type=\"widget\" data-widget_type=\"spacer.default\">\n\t\t\t\t<div class=\"elementor-widget-container\">\n\t\t\t\t\t\t\t<div class=\"elementor-spacer\">\n\t\t\t<div class=\"elementor-spacer-inner\"><\/div>\n\t\t<\/div>\n\t\t\t\t\t\t<\/div>\n\t\t\t\t<\/div>\n\t\t\t\t\t<\/div>\n\t\t<\/div>\n\t\t\t\t\t<\/div>\n\t\t<\/section>\n\t\t\t\t<section class=\"elementor-section elementor-top-section elementor-element elementor-element-6895aac7 elementor-section-boxed elementor-section-height-default elementor-section-height-default\" data-id=\"6895aac7\" data-element_type=\"section\" data-e-type=\"section\" data-settings=\"{&quot;background_background&quot;:&quot;classic&quot;}\">\n\t\t\t\t\t\t<div class=\"elementor-container elementor-column-gap-default\">\n\t\t\t\t\t<div class=\"elementor-column elementor-col-50 elementor-top-column elementor-element elementor-element-1d4088af\" data-id=\"1d4088af\" data-element_type=\"column\" data-e-type=\"column\">\n\t\t\t<div class=\"elementor-widget-wrap elementor-element-populated\">\n\t\t\t\t\t\t<div class=\"elementor-element elementor-element-2d6e1b05 elementor-widget elementor-widget-themo-package\" data-id=\"2d6e1b05\" data-element_type=\"widget\" data-e-type=\"widget\" data-widget_type=\"themo-package.default\">\n\t\t\t\t<div class=\"elementor-widget-container\">\n\t\t\t\t\t\n        <article class=\"th-package\">\n\n                            <a class=\"th-pkg-click\" href=\"https:\/\/centrum.ee\/fi\/teatteripaketti\/\"><\/a>\n            \n                            <div class=\"th-pkg-info\">\n                                            <h4>al. 85\u20ac<\/h4>\n                                                                <span>\/inimene<\/span>\n                                    <\/div>\n            \n                        <div class=\"th-pkg-img\">\n                                <img fetchpriority=\"high\" decoding=\"async\" width=\"394\" height=\"263\" src=\"https:\/\/centrum.ee\/wp-content\/uploads\/2021\/04\/ugala_saal_-394x263.jpeg\" class=\"\" alt=\"\" \/>            <\/div>\n\n            <div class=\"th-pkg-content\">\n                                    <div class=\"th-package-pre-title\">Alkaen 140 \u20ac \/ 2 henkil\u00f6\u00e4<\/div>\n                                                    <h3>Teatteripaketti<\/h3>\n                                                    <div class=\"th-package-content\">\n                        Upea tilaisuus katsoa Ugala-teatterin esityksi\u00e4, majoitus ja aamiainen Centrum-hotellissa. \n\n\n\n                    <\/div>\n                            <\/div>\n\n        <\/article>\n\n        \t\t\t\t<\/div>\n\t\t\t\t<\/div>\n\t\t\t\t\t<\/div>\n\t\t<\/div>\n\t\t\t\t<div class=\"elementor-column elementor-col-50 elementor-top-column elementor-element elementor-element-6e027243\" data-id=\"6e027243\" data-element_type=\"column\" data-e-type=\"column\">\n\t\t\t<div class=\"elementor-widget-wrap elementor-element-populated\">\n\t\t\t\t\t\t<div class=\"elementor-element elementor-element-d643438 elementor-widget elementor-widget-themo-package\" data-id=\"d643438\" data-element_type=\"widget\" data-e-type=\"widget\" data-widget_type=\"themo-package.default\">\n\t\t\t\t<div class=\"elementor-widget-container\">\n\t\t\t\t\t\n        <article class=\"th-package\">\n\n                            <a class=\"th-pkg-click\" href=\"https:\/\/centrum.ee\/fi\/loma-viljandissa\/\"><\/a>\n            \n                            <div class=\"th-pkg-info\">\n                                            <h4>al. 85\u20ac<\/h4>\n                                                                <span>\/inimene<\/span>\n                                    <\/div>\n            \n                        <div class=\"th-pkg-img\">\n                                <img decoding=\"async\" width=\"394\" height=\"263\" src=\"https:\/\/centrum.ee\/wp-content\/uploads\/2021\/03\/P2911469-394x263.jpg\" class=\"\" alt=\"\" \/>            <\/div>\n\n            <div class=\"th-pkg-content\">\n                                    <div class=\"th-package-pre-title\">Alkaen 110 \u20ac \/ 2 henkil\u00f6\u00e4<\/div>\n                                                    <h3>Loma Viljandissa<\/h3>\n                                                    <div class=\"th-package-content\">\n                        Ota aikaa itsellesi ja yst\u00e4villesi sek\u00e4 viet\u00e4 p\u00e4iv\u00e4 pieness\u00e4 romanttisessa Viljandissa.\nKaupunkiin tutustumisen j\u00e4lkeen voit rentoutua hiljattain uusitussa Centrum-hotellissa.                    <\/div>\n                            <\/div>\n\n        <\/article>\n\n        \t\t\t\t<\/div>\n\t\t\t\t<\/div>\n\t\t\t\t\t<\/div>\n\t\t<\/div>\n\t\t\t\t\t<\/div>\n\t\t<\/section>\n\t\t\t\t<section class=\"elementor-section elementor-top-section elementor-element elementor-element-be707b5 elementor-section-boxed elementor-section-height-default elementor-section-height-default\" data-id=\"be707b5\" data-element_type=\"section\" data-e-type=\"section\" data-settings=\"{&quot;background_background&quot;:&quot;classic&quot;}\">\n\t\t\t\t\t\t<div class=\"elementor-container elementor-column-gap-default\">\n\t\t\t\t\t<div class=\"elementor-column elementor-col-100 elementor-top-column elementor-element elementor-element-1123581\" data-id=\"1123581\" data-element_type=\"column\" data-e-type=\"column\">\n\t\t\t<div class=\"elementor-widget-wrap elementor-element-populated\">\n\t\t\t\t\t\t<div class=\"elementor-element elementor-element-5e545d9 elementor-widget elementor-widget-spacer\" data-id=\"5e545d9\" data-element_type=\"widget\" data-e-type=\"widget\" data-widget_type=\"spacer.default\">\n\t\t\t\t<div class=\"elementor-widget-container\">\n\t\t\t\t\t\t\t<div class=\"elementor-spacer\">\n\t\t\t<div class=\"elementor-spacer-inner\"><\/div>\n\t\t<\/div>\n\t\t\t\t\t\t<\/div>\n\t\t\t\t<\/div>\n\t\t\t\t\t<\/div>\n\t\t<\/div>\n\t\t\t\t\t<\/div>\n\t\t<\/section>\n\t\t\t\t<section class=\"elementor-section elementor-top-section elementor-element elementor-element-0d8c9dd elementor-section-boxed elementor-section-height-default elementor-section-height-default\" data-id=\"0d8c9dd\" data-element_type=\"section\" data-e-type=\"section\" data-settings=\"{&quot;background_background&quot;:&quot;classic&quot;}\">\n\t\t\t\t\t\t<div class=\"elementor-container elementor-column-gap-default\">\n\t\t\t\t\t<div class=\"elementor-column elementor-col-100 elementor-top-column elementor-element elementor-element-0790019\" data-id=\"0790019\" data-element_type=\"column\" data-e-type=\"column\">\n\t\t\t<div class=\"elementor-widget-wrap elementor-element-populated\">\n\t\t\t\t\t\t<div class=\"elementor-element elementor-element-7258565 elementor-widget elementor-widget-spacer\" data-id=\"7258565\" data-element_type=\"widget\" data-e-type=\"widget\" data-widget_type=\"spacer.default\">\n\t\t\t\t<div class=\"elementor-widget-container\">\n\t\t\t\t\t\t\t<div class=\"elementor-spacer\">\n\t\t\t<div class=\"elementor-spacer-inner\"><\/div>\n\t\t<\/div>\n\t\t\t\t\t\t<\/div>\n\t\t\t\t<\/div>\n\t\t\t\t\t<\/div>\n\t\t<\/div>\n\t\t\t\t\t<\/div>\n\t\t<\/section>\n\t\t\t\t<section class=\"elementor-section elementor-top-section elementor-element elementor-element-2c633766 elementor-section-boxed elementor-section-height-default elementor-section-height-default\" data-id=\"2c633766\" data-element_type=\"section\" data-e-type=\"section\" data-settings=\"{&quot;background_background&quot;:&quot;gradient&quot;}\">\n\t\t\t\t\t\t<div class=\"elementor-container elementor-column-gap-wider\">\n\t\t\t\t\t<div class=\"elementor-column elementor-col-100 elementor-top-column elementor-element elementor-element-378bfd07\" data-id=\"378bfd07\" data-element_type=\"column\" data-e-type=\"column\">\n\t\t\t<div class=\"elementor-widget-wrap elementor-element-populated\">\n\t\t\t\t\t\t<div class=\"elementor-element elementor-element-33281afd elementor-widget elementor-widget-themo-call-to-action\" data-id=\"33281afd\" data-element_type=\"widget\" data-e-type=\"widget\" data-widget_type=\"themo-call-to-action.default\">\n\t\t\t\t<div class=\"elementor-widget-container\">\n\t\t\t\t\t\t\t<div class=\"th-cta\">\n\t\t\t\t\t        <div class=\"th-cta-text\">\n\t\t            <span>Mit\u00e4 Viljandissa tehd\u00e4 ja minne menn\u00e4?<\/span>\n\t\t        <\/div>\n\t\t    \n                        <div class=\"th-cta-btn\">\n\n                                    <a class=\"btn-1 btn th-btn btn-ghost-light\" href=\"https:\/\/visitviljandi.ee\/\" target=\"_blank\">\n                                                    Katso t\u00e4st\u00e4                                            <\/a>\n                \n                            <\/div>\n            \t\t<\/div>\n\t\t\t\t\t\t<\/div>\n\t\t\t\t<\/div>\n\t\t\t\t\t<\/div>\n\t\t<\/div>\n\t\t\t\t\t<\/div>\n\t\t<\/section>\n\t\t\t\t<section class=\"elementor-section elementor-top-section elementor-element elementor-element-61f6cee elementor-section-boxed elementor-section-height-default elementor-section-height-default\" data-id=\"61f6cee\" data-element_type=\"section\" data-e-type=\"section\">\n\t\t\t\t\t\t<div class=\"elementor-container elementor-column-gap-default\">\n\t\t\t\t\t<div class=\"elementor-column elementor-col-100 elementor-top-column elementor-element elementor-element-432c7ae\" data-id=\"432c7ae\" data-element_type=\"column\" data-e-type=\"column\">\n\t\t\t<div class=\"elementor-widget-wrap elementor-element-populated\">\n\t\t\t\t\t\t<div class=\"elementor-element elementor-element-e8444c5 elementor-widget elementor-widget-spacer\" data-id=\"e8444c5\" data-element_type=\"widget\" data-e-type=\"widget\" data-widget_type=\"spacer.default\">\n\t\t\t\t<div class=\"elementor-widget-container\">\n\t\t\t\t\t\t\t<div class=\"elementor-spacer\">\n\t\t\t<div class=\"elementor-spacer-inner\"><\/div>\n\t\t<\/div>\n\t\t\t\t\t\t<\/div>\n\t\t\t\t<\/div>\n\t\t\t\t\t<\/div>\n\t\t<\/div>\n\t\t\t\t\t<\/div>\n\t\t<\/section>\n\t\t\t\t<\/div>\n\t\t","protected":false},"excerpt":{"rendered":"<p>PAKETIT JA ERIKOISTARJOUKSET PAKETIT al. 85\u20ac \/inimene Alkaen 140 \u20ac \/ 2 henkil\u00f6\u00e4 Teatteripaketti Upea tilaisuus katsoa Ugala-teatterin esityksi\u00e4, majoitus ja aamiainen Centrum-hotellissa. al. 85\u20ac \/inimene Alkaen 110 \u20ac \/ 2 henkil\u00f6\u00e4 Loma Viljandissa Ota aikaa itsellesi ja yst\u00e4villesi sek\u00e4 &hellip; <a href=\"https:\/\/centrum.ee\/fi\/paketit\/\">Read More<\/a><\/p>\n","protected":false},"author":1,"featured_media":0,"parent":0,"menu_order":19,"comment_status":"closed","ping_status":"closed","template":"","meta":{"footnotes":""},"class_list":["post-2689","page","type-page","status-publish","hentry"],"_links":{"self":[{"href":"https:\/\/centrum.ee\/fi\/wp-json\/wp\/v2\/pages\/2689","targetHints":{"allow":["GET"]}}],"collection":[{"href":"https:\/\/centrum.ee\/fi\/wp-json\/wp\/v2\/pages"}],"about":[{"href":"https:\/\/centrum.ee\/fi\/wp-json\/wp\/v2\/types\/page"}],"author":[{"embeddable":true,"href":"https:\/\/centrum.ee\/fi\/wp-json\/wp\/v2\/users\/1"}],"replies":[{"embeddable":true,"href":"https:\/\/centrum.ee\/fi\/wp-json\/wp\/v2\/comments?post=2689"}],"version-history":[{"count":25,"href":"https:\/\/centrum.ee\/fi\/wp-json\/wp\/v2\/pages\/2689\/revisions"}],"predecessor-version":[{"id":3790,"href":"https:\/\/centrum.ee\/fi\/wp-json\/wp\/v2\/pages\/2689\/revisions\/3790"}],"wp:attachment":[{"href":"https:\/\/centrum.ee\/fi\/wp-json\/wp\/v2\/media?parent=2689"}],"curies":[{"name":"wp","href":"https:\/\/api.w.org\/{rel}","templated":true}]}}