{"id":2687,"date":"2022-06-22T10:05:35","date_gmt":"2022-06-22T07:05:35","guid":{"rendered":"https:\/\/centrum.ee\/konferenssit\/"},"modified":"2026-02-18T09:51:17","modified_gmt":"2026-02-18T07:51:17","slug":"konferenssit","status":"publish","type":"page","link":"https:\/\/centrum.ee\/fi\/konferenssit\/","title":{"rendered":"Konferenssit"},"content":{"rendered":"\t\t<div data-elementor-type=\"wp-post\" data-elementor-id=\"2687\" class=\"elementor elementor-2687 elementor-396\">\n\t\t\t\t\t\t<section class=\"elementor-section elementor-top-section elementor-element elementor-element-6229ba4 elementor-section-full_width elementor-section-height-min-height elementor-section-height-default elementor-section-items-middle\" data-id=\"6229ba4\" data-element_type=\"section\" data-e-type=\"section\" data-settings=\"{&quot;background_background&quot;:&quot;classic&quot;}\">\n\t\t\t\t\t\t\t<div class=\"elementor-background-overlay\"><\/div>\n\t\t\t\t\t\t\t<div class=\"elementor-container elementor-column-gap-default\">\n\t\t\t\t\t<div class=\"elementor-column elementor-col-100 elementor-top-column elementor-element elementor-element-1f66876d\" data-id=\"1f66876d\" data-element_type=\"column\" data-e-type=\"column\">\n\t\t\t<div class=\"elementor-widget-wrap elementor-element-populated\">\n\t\t\t\t\t\t<div class=\"elementor-element elementor-element-68d1557 elementor-widget elementor-widget-spacer\" data-id=\"68d1557\" data-element_type=\"widget\" data-e-type=\"widget\" data-widget_type=\"spacer.default\">\n\t\t\t\t<div class=\"elementor-widget-container\">\n\t\t\t\t\t\t\t<div class=\"elementor-spacer\">\n\t\t\t<div class=\"elementor-spacer-inner\"><\/div>\n\t\t<\/div>\n\t\t\t\t\t\t<\/div>\n\t\t\t\t<\/div>\n\t\t\t\t<div class=\"elementor-element elementor-element-321bcc27 elementor-view-default elementor-position-top elementor-invisible elementor-widget elementor-widget-themo-header\" data-id=\"321bcc27\" data-element_type=\"widget\" data-e-type=\"widget\" data-settings=\"{&quot;_animation&quot;:&quot;fadeIn&quot;}\" data-widget_type=\"themo-header.default\">\n\t\t\t\t<div class=\"elementor-widget-container\">\n\t\t\t\t\t\t\t<div class=\"th-header-wrap\">\n        <div class=\"elementor-icon-box-wrapper \">\n                            <div class=\"elementor-icon-box-content\">\n                    <h1 class=\"elementor-icon-box-title\">\n                        KONFERENSSI                    <\/h1>\n                                        <p class=\"elementor-icon-box-description\">Istumapaikat enint\u00e4\u00e4n 75 henkil\u00f6lle<\/p>\n\n                                    <\/div>\n            <\/div>\n\n        <\/div>\n\n\t\t\t\t\t\t<\/div>\n\t\t\t\t<\/div>\n\t\t\t\t\t<\/div>\n\t\t<\/div>\n\t\t\t\t\t<\/div>\n\t\t<\/section>\n\t\t\t\t<section class=\"elementor-section elementor-top-section elementor-element elementor-element-6b201bb6 elementor-section-boxed elementor-section-height-default elementor-section-height-default\" data-id=\"6b201bb6\" data-element_type=\"section\" data-e-type=\"section\">\n\t\t\t\t\t\t<div class=\"elementor-container elementor-column-gap-default\">\n\t\t\t\t\t<div class=\"elementor-column elementor-col-100 elementor-top-column elementor-element elementor-element-177e2075\" data-id=\"177e2075\" data-element_type=\"column\" data-e-type=\"column\">\n\t\t\t<div class=\"elementor-widget-wrap elementor-element-populated\">\n\t\t\t\t\t\t<div class=\"elementor-element elementor-element-7cd87dea elementor-view-default elementor-position-top elementor-widget elementor-widget-themo-header\" data-id=\"7cd87dea\" data-element_type=\"widget\" data-e-type=\"widget\" data-widget_type=\"themo-header.default\">\n\t\t\t\t<div class=\"elementor-widget-container\">\n\t\t\t\t\t\t\t<div class=\"th-header-wrap\">\n        <div class=\"elementor-icon-box-wrapper \">\n                            <div class=\"elementor-icon-box-content\">\n                    <h2 class=\"elementor-icon-box-title\">\n                        Kokoustilat                    <\/h2>\n                                            <span class=\"th-header-divider\"><\/span>\n                                        <p class=\"elementor-icon-box-description\">Centrum-hotellissa on vieraiden k\u00e4yt\u00f6ss\u00e4 kaksi valoisaa ja modernia kokoustilaa. Kokoushuoneemme soveltuvat erinomaisesti kokouksiin, tuote-esittelyihin, koulutuksiin tai muihin tapahtumiin.\n\nIsompaan kokoustilaan mahtuu enint\u00e4\u00e4n 50 ja pienemp\u00e4\u00e4n enint\u00e4\u00e4n 25 osallistujaa. Asiakkaiden toiveiden mukaan voidaan j\u00e4rjest\u00e4\u00e4 paikat teatteri-, luokka- tai diplomaattityyliin.\n\nTervetuloa j\u00e4rjest\u00e4m\u00e4\u00e4n tapahtumasi Centrum-hotellissa!\nSoita ja pyyd\u00e4 tarjous: +372 435 1100<\/p>\n\n                                    <\/div>\n            <\/div>\n\n        <\/div>\n\n\t\t\t\t\t\t<\/div>\n\t\t\t\t<\/div>\n\t\t\t\t\t<\/div>\n\t\t<\/div>\n\t\t\t\t\t<\/div>\n\t\t<\/section>\n\t\t\t\t<section class=\"elementor-section elementor-top-section elementor-element elementor-element-42aa702 elementor-section-boxed elementor-section-height-default elementor-section-height-default\" data-id=\"42aa702\" data-element_type=\"section\" data-e-type=\"section\">\n\t\t\t\t\t\t<div class=\"elementor-container elementor-column-gap-default\">\n\t\t\t\t\t<div class=\"elementor-column elementor-col-50 elementor-top-column elementor-element elementor-element-607161d\" data-id=\"607161d\" data-element_type=\"column\" data-e-type=\"column\">\n\t\t\t<div class=\"elementor-widget-wrap elementor-element-populated\">\n\t\t\t\t\t\t<section class=\"elementor-section elementor-inner-section elementor-element elementor-element-ff7748d elementor-section-boxed elementor-section-height-default elementor-section-height-default\" data-id=\"ff7748d\" data-element_type=\"section\" data-e-type=\"section\">\n\t\t\t\t\t\t<div class=\"elementor-container elementor-column-gap-wider\">\n\t\t\t\t\t<div class=\"elementor-column elementor-col-100 elementor-inner-column elementor-element elementor-element-18663872\" data-id=\"18663872\" data-element_type=\"column\" data-e-type=\"column\">\n\t\t\t<div class=\"elementor-widget-wrap elementor-element-populated\">\n\t\t\t\t\t\t<div class=\"elementor-element elementor-element-7e3a9101 elementor-position-left elementor-view-default elementor-widget elementor-widget-themo-service-block\" data-id=\"7e3a9101\" data-element_type=\"widget\" data-e-type=\"widget\" data-widget_type=\"themo-service-block.default\">\n\t\t\t\t<div class=\"elementor-widget-container\">\n\t\t\t\t\t\t\t<div class=\"th-service-block-w\">\n            <div class=\"elementor-icon-box-wrapper th-show-icon\">\n                                    <div class=\"elementor-icon-box-icon th-icon-size-md\">\n                        <span class=\"elementor-icon \" >\n                            <i aria-hidden=\"true\" class=\"fasth-trip travelpack-direction-sign\"><\/i>                        <\/span>\n                    <\/div>\n                                <div class=\"elementor-icon-box-content\">\n                    <h5 class=\"elementor-icon-box-title\">\n                        <span >Hinnat<\/span>\n                    <\/h5>\n                    <p class=\"elementor-icon-box-description\">Suuri sali: alkaen 21 \u20ac \/ 1 h\nPieni sali: alkaen 19 \u20ac \/ 1 h <\/p>\n                <\/div>\n            <\/div>\n\n        <\/div>\n\n\t\t\t\t\t\t<\/div>\n\t\t\t\t<\/div>\n\t\t\t\t\t<\/div>\n\t\t<\/div>\n\t\t\t\t\t<\/div>\n\t\t<\/section>\n\t\t\t\t\t<\/div>\n\t\t<\/div>\n\t\t\t\t<div class=\"elementor-column elementor-col-50 elementor-top-column elementor-element elementor-element-3ebee03\" data-id=\"3ebee03\" data-element_type=\"column\" data-e-type=\"column\">\n\t\t\t<div class=\"elementor-widget-wrap elementor-element-populated\">\n\t\t\t\t\t\t<div class=\"elementor-element elementor-element-39c33513 elementor-position-left elementor-view-default elementor-widget elementor-widget-themo-service-block\" data-id=\"39c33513\" data-element_type=\"widget\" data-e-type=\"widget\" data-widget_type=\"themo-service-block.default\">\n\t\t\t\t<div class=\"elementor-widget-container\">\n\t\t\t\t\t\t\t<div class=\"th-service-block-w\">\n            <div class=\"elementor-icon-box-wrapper th-show-icon\">\n                                    <div class=\"elementor-icon-box-icon th-icon-size-md\">\n                        <span class=\"elementor-icon \" >\n                            <i aria-hidden=\"true\" class=\"fasth-linea icon-basic-display\"><\/i>                        <\/span>\n                    <\/div>\n                                <div class=\"elementor-icon-box-content\">\n                    <h5 class=\"elementor-icon-box-title\">\n                        <span >Lis\u00e4palvelut<\/span>\n                    <\/h5>\n                    <p class=\"elementor-icon-box-description\">Tulostus\/kopiointi\/skannaus\nTee- ja kahvitauot\nRyhm\u00e4tarjoilu\nSaunak\u00e4ynti ty\u00f6p\u00e4iv\u00e4n p\u00e4\u00e4tteeksi\nMajoitus aamiaisella<\/p>\n                <\/div>\n            <\/div>\n\n        <\/div>\n\n\t\t\t\t\t\t<\/div>\n\t\t\t\t<\/div>\n\t\t\t\t\t<\/div>\n\t\t<\/div>\n\t\t\t\t\t<\/div>\n\t\t<\/section>\n\t\t\t\t<section class=\"elementor-section elementor-top-section elementor-element elementor-element-1b770e10 elementor-section-boxed elementor-section-height-default elementor-section-height-default\" data-id=\"1b770e10\" data-element_type=\"section\" data-e-type=\"section\" data-settings=\"{&quot;background_background&quot;:&quot;classic&quot;}\">\n\t\t\t\t\t\t<div class=\"elementor-container elementor-column-gap-no\">\n\t\t\t\t\t<div class=\"elementor-column elementor-col-100 elementor-top-column elementor-element elementor-element-7b4a8f61\" data-id=\"7b4a8f61\" data-element_type=\"column\" data-e-type=\"column\">\n\t\t\t<div class=\"elementor-widget-wrap elementor-element-populated\">\n\t\t\t\t\t\t<div class=\"elementor-element elementor-element-2fe148f elementor-widget elementor-widget-themo-image-gallery\" data-id=\"2fe148f\" data-element_type=\"widget\" data-e-type=\"widget\" data-widget_type=\"themo-image-gallery.default\">\n\t\t\t\t<div class=\"elementor-widget-container\">\n\t\t\t\t\t\t\t<div class=\"elementor-image-gallery th-image-stretch\">\n\t\t\t<div class=\"gallery gallery-2687-1\"><div class=\"row gallery-row\"><div class=\"col-sm-4 col-lg-4\"><a data-toggle=\"lightbox\" data-gallery=\"multiimages\" data-title=\"\"  class=\"thumbnail img-thumbnail\" href='https:\/\/centrum.ee\/wp-content\/uploads\/2021\/04\/Centrumi-hotelli-tuba176-1240x826.jpg'><img fetchpriority=\"high\" decoding=\"async\" width=\"394\" height=\"303\" src=\"https:\/\/centrum.ee\/wp-content\/uploads\/2021\/04\/Centrumi-hotelli-tuba176-394x303.jpg\" class=\"attachment-th_img_sm_landscape size-th_img_sm_landscape\" alt=\"\" srcset=\"https:\/\/centrum.ee\/wp-content\/uploads\/2021\/04\/Centrumi-hotelli-tuba176-394x303.jpg 394w, https:\/\/centrum.ee\/wp-content\/uploads\/2021\/04\/Centrumi-hotelli-tuba176-605x465.jpg 605w\" sizes=\"(max-width: 394px) 100vw, 394px\" \/><\/a><div class=\"gallery-text\"><div class=\"image-title\">Centrumi hotelli v\u00e4ike konverents<\/div><\/div><\/div><div class=\"col-sm-4 col-lg-4\"><a data-toggle=\"lightbox\" data-gallery=\"multiimages\" data-title=\"\"  class=\"thumbnail img-thumbnail\" href='https:\/\/centrum.ee\/wp-content\/uploads\/2021\/04\/Centrumi-hotelli-tuba174-1240x826.jpg'><img decoding=\"async\" width=\"394\" height=\"303\" src=\"https:\/\/centrum.ee\/wp-content\/uploads\/2021\/04\/Centrumi-hotelli-tuba174-394x303.jpg\" class=\"attachment-th_img_sm_landscape size-th_img_sm_landscape\" alt=\"\" srcset=\"https:\/\/centrum.ee\/wp-content\/uploads\/2021\/04\/Centrumi-hotelli-tuba174-394x303.jpg 394w, https:\/\/centrum.ee\/wp-content\/uploads\/2021\/04\/Centrumi-hotelli-tuba174-605x465.jpg 605w\" sizes=\"(max-width: 394px) 100vw, 394px\" \/><\/a><div class=\"gallery-text\"><div class=\"image-title\">Centrumi hotelli v\u00e4ike konverents<\/div><\/div><\/div><div class=\"col-sm-4 col-lg-4\"><a data-toggle=\"lightbox\" data-gallery=\"multiimages\" data-title=\"\"  class=\"thumbnail img-thumbnail\" href='https:\/\/centrum.ee\/wp-content\/uploads\/2021\/04\/Centrumi-hotelli-tuba163-1240x826.jpg'><img decoding=\"async\" width=\"394\" height=\"303\" src=\"https:\/\/centrum.ee\/wp-content\/uploads\/2021\/04\/Centrumi-hotelli-tuba163-394x303.jpg\" class=\"attachment-th_img_sm_landscape size-th_img_sm_landscape\" alt=\"\" srcset=\"https:\/\/centrum.ee\/wp-content\/uploads\/2021\/04\/Centrumi-hotelli-tuba163-394x303.jpg 394w, https:\/\/centrum.ee\/wp-content\/uploads\/2021\/04\/Centrumi-hotelli-tuba163-605x465.jpg 605w\" sizes=\"(max-width: 394px) 100vw, 394px\" \/><\/a><div class=\"gallery-text\"><div class=\"image-title\">Centrum-hotellin suuri kokoushuone<\/div><\/div><\/div><\/div><div class=\"row gallery-row\"><div class=\"col-sm-4 col-lg-4\"><a data-toggle=\"lightbox\" data-gallery=\"multiimages\" data-title=\"\"  class=\"thumbnail img-thumbnail\" href='https:\/\/centrum.ee\/wp-content\/uploads\/2021\/04\/Centrumi-hotelli-tuba160-1240x826.jpg'><img loading=\"lazy\" decoding=\"async\" width=\"394\" height=\"303\" src=\"https:\/\/centrum.ee\/wp-content\/uploads\/2021\/04\/Centrumi-hotelli-tuba160-394x303.jpg\" class=\"attachment-th_img_sm_landscape size-th_img_sm_landscape\" alt=\"\" srcset=\"https:\/\/centrum.ee\/wp-content\/uploads\/2021\/04\/Centrumi-hotelli-tuba160-394x303.jpg 394w, https:\/\/centrum.ee\/wp-content\/uploads\/2021\/04\/Centrumi-hotelli-tuba160-605x465.jpg 605w\" sizes=\"(max-width: 394px) 100vw, 394px\" \/><\/a><div class=\"gallery-text\"><div class=\"image-title\">Centrumi hotelli suur konverentsiruum<\/div><\/div><\/div><div class=\"col-sm-4 col-lg-4\"><a data-toggle=\"lightbox\" data-gallery=\"multiimages\" data-title=\"\"  class=\"thumbnail img-thumbnail\" href='https:\/\/centrum.ee\/wp-content\/uploads\/2021\/04\/Centrumi-hotelli-tuba162-1240x826.jpg'><img loading=\"lazy\" decoding=\"async\" width=\"394\" height=\"303\" src=\"https:\/\/centrum.ee\/wp-content\/uploads\/2021\/04\/Centrumi-hotelli-tuba162-394x303.jpg\" class=\"attachment-th_img_sm_landscape size-th_img_sm_landscape\" alt=\"\" srcset=\"https:\/\/centrum.ee\/wp-content\/uploads\/2021\/04\/Centrumi-hotelli-tuba162-394x303.jpg 394w, https:\/\/centrum.ee\/wp-content\/uploads\/2021\/04\/Centrumi-hotelli-tuba162-605x465.jpg 605w\" sizes=\"(max-width: 394px) 100vw, 394px\" \/><\/a><div class=\"gallery-text\"><div class=\"image-title\">Centrumi hotelli suur konverentsiruum<\/div><\/div><\/div><div class=\"col-sm-4 col-lg-4\"><a data-toggle=\"lightbox\" data-gallery=\"multiimages\" data-title=\"\"  class=\"thumbnail img-thumbnail\" href='https:\/\/centrum.ee\/wp-content\/uploads\/2021\/04\/Centrumi-hotelli-tuba171-1240x826.jpg'><img loading=\"lazy\" decoding=\"async\" width=\"394\" height=\"303\" src=\"https:\/\/centrum.ee\/wp-content\/uploads\/2021\/04\/Centrumi-hotelli-tuba171-394x303.jpg\" class=\"attachment-th_img_sm_landscape size-th_img_sm_landscape\" alt=\"\" srcset=\"https:\/\/centrum.ee\/wp-content\/uploads\/2021\/04\/Centrumi-hotelli-tuba171-394x303.jpg 394w, https:\/\/centrum.ee\/wp-content\/uploads\/2021\/04\/Centrumi-hotelli-tuba171-605x465.jpg 605w\" sizes=\"(max-width: 394px) 100vw, 394px\" \/><\/a><div class=\"gallery-text\"><div class=\"image-title\">Centrumi hotelli v\u00e4ike konverents<\/div><\/div><\/div><\/div><\/div>\t\t<\/div>\n\t\t\t\t\t\t<\/div>\n\t\t\t\t<\/div>\n\t\t\t\t<div class=\"elementor-element elementor-element-59d4c01 elementor-widget elementor-widget-spacer\" data-id=\"59d4c01\" data-element_type=\"widget\" data-e-type=\"widget\" data-widget_type=\"spacer.default\">\n\t\t\t\t<div class=\"elementor-widget-container\">\n\t\t\t\t\t\t\t<div class=\"elementor-spacer\">\n\t\t\t<div class=\"elementor-spacer-inner\"><\/div>\n\t\t<\/div>\n\t\t\t\t\t\t<\/div>\n\t\t\t\t<\/div>\n\t\t\t\t\t<\/div>\n\t\t<\/div>\n\t\t\t\t\t<\/div>\n\t\t<\/section>\n\t\t\t\t<section class=\"elementor-section elementor-top-section elementor-element elementor-element-5283591a elementor-section-boxed elementor-section-height-default elementor-section-height-default\" data-id=\"5283591a\" data-element_type=\"section\" data-e-type=\"section\" data-settings=\"{&quot;background_background&quot;:&quot;classic&quot;}\">\n\t\t\t\t\t\t<div class=\"elementor-container elementor-column-gap-default\">\n\t\t\t\t\t<div class=\"elementor-column elementor-col-100 elementor-top-column elementor-element elementor-element-5d2540fc\" data-id=\"5d2540fc\" data-element_type=\"column\" data-e-type=\"column\">\n\t\t\t<div class=\"elementor-widget-wrap elementor-element-populated\">\n\t\t\t\t\t\t<div class=\"elementor-element elementor-element-718fb6c elementor-widget elementor-widget-menu-anchor\" data-id=\"718fb6c\" data-element_type=\"widget\" data-e-type=\"widget\" data-widget_type=\"menu-anchor.default\">\n\t\t\t\t<div class=\"elementor-widget-container\">\n\t\t\t\t\t\t\t<div class=\"elementor-menu-anchor\" id=\"varaukset\"><\/div>\n\t\t\t\t\t\t<\/div>\n\t\t\t\t<\/div>\n\t\t\t\t<div class=\"elementor-element elementor-element-48b9d874 elementor-widget elementor-widget-spacer\" data-id=\"48b9d874\" data-element_type=\"widget\" data-e-type=\"widget\" data-widget_type=\"spacer.default\">\n\t\t\t\t<div class=\"elementor-widget-container\">\n\t\t\t\t\t\t\t<div class=\"elementor-spacer\">\n\t\t\t<div class=\"elementor-spacer-inner\"><\/div>\n\t\t<\/div>\n\t\t\t\t\t\t<\/div>\n\t\t\t\t<\/div>\n\t\t\t\t<div class=\"elementor-element elementor-element-74987394 elementor-view-default elementor-position-top elementor-widget elementor-widget-themo-header\" data-id=\"74987394\" data-element_type=\"widget\" data-e-type=\"widget\" data-widget_type=\"themo-header.default\">\n\t\t\t\t<div class=\"elementor-widget-container\">\n\t\t\t\t\t\t\t<div class=\"th-header-wrap\">\n        <div class=\"elementor-icon-box-wrapper \">\n                            <div class=\"elementor-icon-box-content\">\n                    <h2 class=\"elementor-icon-box-title\">\n                        Lis\u00e4tietoa                    <\/h2>\n                                        <p class=\"elementor-icon-box-description\">L\u00e4het\u00e4 meille kysymys! Vastaamme mahdollisimman pian.<\/p>\n\n                                    <\/div>\n            <\/div>\n\n        <\/div>\n\n\t\t\t\t\t\t<\/div>\n\t\t\t\t<\/div>\n\t\t\t\t<div class=\"elementor-element elementor-element-7084f271 elementor-widget elementor-widget-themo-formidable-form\" data-id=\"7084f271\" data-element_type=\"widget\" data-e-type=\"widget\" data-widget_type=\"themo-formidable-form.default\">\n\t\t\t\t<div class=\"elementor-widget-container\">\n\t\t\t\t\t            <div class=\"th-fo-form  th-centered th-conversion  th-btn-form btn-standard-primary-form\"><div class=\"frm_forms  with_frm_style frm_style_formidable-style\" id=\"frm_form_2_container\" >\n<form enctype=\"multipart\/form-data\" method=\"post\" class=\"frm-show-form \" id=\"form_2ssykv\" >\n<div class=\"frm_form_fields \">\n<fieldset>\n\r\n<div class=\"frm_fields_container\">\n<input type=\"hidden\" name=\"frm_action\" value=\"create\" \/>\n<input type=\"hidden\" name=\"form_id\" value=\"2\" \/>\n<input type=\"hidden\" name=\"frm_hide_fields_2\" id=\"frm_hide_fields_2\" value=\"\" \/>\n<input type=\"hidden\" name=\"form_key\" value=\"2ssykv\" \/>\n<input type=\"hidden\" name=\"item_meta[0]\" value=\"\" \/>\n<input type=\"hidden\" id=\"frm_submit_entry_2\" name=\"frm_submit_entry_2\" value=\"b3eb4177e6\" \/><input type=\"hidden\" name=\"_wp_http_referer\" value=\"\/fi\/wp-json\/wp\/v2\/pages\/2687\" \/><div id=\"frm_field_6_container\" class=\"frm_form_field form-field  frm_none_container\">\r\n    <label for=\"field_qy05f8\" class=\"frm_primary_label\">Nimi\r\n        <span class=\"frm_required\"><\/span>\r\n    <\/label>\r\n    <input type=\"text\" id=\"field_qy05f8\" name=\"item_meta[6]\" value=\"\"  placeholder=\"Nimi\" data-invmsg=\"Name is invalid\" aria-invalid=\"false\"  \/>\r\n    \r\n    \r\n<\/div>\n<div id=\"frm_field_7_container\" class=\"frm_form_field form-field  frm_required_field frm_none_container\">\r\n    <label for=\"field_3asv29\" class=\"frm_primary_label\">E-mail \r\n        <span class=\"frm_required\">*<\/span>\r\n    <\/label>\r\n    <input type=\"text\" id=\"field_3asv29\" name=\"item_meta[7]\" value=\"\"  placeholder=\"E-mail\" data-reqmsg=\"E-mail  cannot be blank.\" aria-required=\"true\" data-invmsg=\"Email Address is invalid\" aria-invalid=\"false\"  \/>\r\n    \r\n    \r\n<\/div>\n<div id=\"frm_field_8_container\" class=\"frm_form_field form-field  frm_required_field frm_none_container\">\r\n    <label for=\"field_2ywico\" class=\"frm_primary_label\">K\u00fcsimus \/ ettepanek\r\n        <span class=\"frm_required\">*<\/span>\r\n    <\/label>\r\n    <input type=\"text\" id=\"field_2ywico\" name=\"item_meta[8]\" value=\"\"  placeholder=\"K\u00fcsimus \/ ettepanek\" data-reqmsg=\"K\u00fcsimus \/ ettepanek cannot be blank.\" aria-required=\"true\" data-invmsg=\"Question \/ Comment is invalid\" aria-invalid=\"false\"  \/>\r\n    \r\n    \r\n<\/div>\n\t<input type=\"hidden\" name=\"item_key\" value=\"\" \/>\n\t\t\t<div id=\"frm_field_104_container\">\n\t\t\t<label for=\"field_pailx\" >\n\t\t\t\tIf you are human, leave this field blank.\t\t\t<\/label>\n\t\t\t<input  id=\"field_pailx\" type=\"text\" class=\"frm_form_field form-field frm_verify\" name=\"item_meta[104]\" value=\"\"  \/>\n\t\t<\/div>\n\t\t<input name=\"frm_state\" type=\"hidden\" value=\"ICgyLWc16KJj0dgrYPfOfmZsO+rZPAJu+7YdE95ZGgU=\" \/><div class=\"frm_submit\">\r\n\r\n<input type=\"submit\" value=\"Saada\"  \/>\r\n<img decoding=\"async\" class=\"frm_ajax_loading\" src=\"https:\/\/centrum.ee\/wp-content\/plugins\/formidable\/images\/ajax_loader.gif\" alt=\"Sending\" style=\"visibility:hidden;\" \/>\r\n\r\n<\/div><\/div>\n<\/fieldset>\n<\/div>\n\n<\/form>\n<\/div>\n<\/div>\n            \t\t\t\t<\/div>\n\t\t\t\t<\/div>\n\t\t\t\t<div class=\"elementor-element elementor-element-552ea7a7 elementor-widget elementor-widget-spacer\" data-id=\"552ea7a7\" data-element_type=\"widget\" data-e-type=\"widget\" data-widget_type=\"spacer.default\">\n\t\t\t\t<div class=\"elementor-widget-container\">\n\t\t\t\t\t\t\t<div class=\"elementor-spacer\">\n\t\t\t<div class=\"elementor-spacer-inner\"><\/div>\n\t\t<\/div>\n\t\t\t\t\t\t<\/div>\n\t\t\t\t<\/div>\n\t\t\t\t\t<\/div>\n\t\t<\/div>\n\t\t\t\t\t<\/div>\n\t\t<\/section>\n\t\t\t\t<\/div>\n\t\t","protected":false},"excerpt":{"rendered":"<p>KONFERENSSI Istumapaikat enint\u00e4\u00e4n 75 henkil\u00f6lle Kokoustilat Centrum-hotellissa on vieraiden k\u00e4yt\u00f6ss\u00e4 kaksi valoisaa ja modernia kokoustilaa. Kokoushuoneemme soveltuvat erinomaisesti kokouksiin, tuote-esittelyihin, koulutuksiin tai muihin tapahtumiin. Isompaan kokoustilaan mahtuu enint\u00e4\u00e4n 50 ja pienemp\u00e4\u00e4n enint\u00e4\u00e4n 25 osallistujaa. Asiakkaiden toiveiden mukaan voidaan j\u00e4rjest\u00e4\u00e4 paikat &hellip; <a href=\"https:\/\/centrum.ee\/fi\/konferenssit\/\">Read More<\/a><\/p>\n","protected":false},"author":2,"featured_media":0,"parent":0,"menu_order":20,"comment_status":"closed","ping_status":"closed","template":"","meta":{"footnotes":""},"class_list":["post-2687","page","type-page","status-publish","hentry"],"_links":{"self":[{"href":"https:\/\/centrum.ee\/fi\/wp-json\/wp\/v2\/pages\/2687","targetHints":{"allow":["GET"]}}],"collection":[{"href":"https:\/\/centrum.ee\/fi\/wp-json\/wp\/v2\/pages"}],"about":[{"href":"https:\/\/centrum.ee\/fi\/wp-json\/wp\/v2\/types\/page"}],"author":[{"embeddable":true,"href":"https:\/\/centrum.ee\/fi\/wp-json\/wp\/v2\/users\/2"}],"replies":[{"embeddable":true,"href":"https:\/\/centrum.ee\/fi\/wp-json\/wp\/v2\/comments?post=2687"}],"version-history":[{"count":10,"href":"https:\/\/centrum.ee\/fi\/wp-json\/wp\/v2\/pages\/2687\/revisions"}],"predecessor-version":[{"id":3968,"href":"https:\/\/centrum.ee\/fi\/wp-json\/wp\/v2\/pages\/2687\/revisions\/3968"}],"wp:attachment":[{"href":"https:\/\/centrum.ee\/fi\/wp-json\/wp\/v2\/media?parent=2687"}],"curies":[{"name":"wp","href":"https:\/\/api.w.org\/{rel}","templated":true}]}}